{"id":12,"date":"2023-09-05T11:33:32","date_gmt":"2023-09-05T09:33:32","guid":{"rendered":"http:\/\/127.0.0.1\/wordpress\/?page_id=2"},"modified":"2025-12-15T13:45:03","modified_gmt":"2025-12-15T12:45:03","slug":"kontakt","status":"publish","type":"page","link":"https:\/\/parafie.archidiecezja.lodz.pl\/swietyalbert\/kontakt\/","title":{"rendered":"Kontakt"},"content":{"rendered":"\n<p><strong>Dekanat: <\/strong>\u0141\u00f3d\u017a &#8211; Widzew<\/p>\n\n\n\n<p>Parafia pw. \u015bw. Alberta Chmielowskiego<br>92-515 \u0141\u00f3d\u017a<br>ul.: Chmielowskiego 7<br>(dawniej ul. Bartoka 2)<br>GPS: 51.758363182166505, 19.5223825110967<\/p>\n\n\n\n<p><strong>Dojazd<\/strong>: <a href=\"https:\/\/goo.gl\/maps\/siFjMB46sLrywvH98\">https:\/\/goo.gl\/maps\/siFjMB46sLrywvH98<\/a><\/p>\n\n\n\n<p>NIP: 7281079496<\/p>\n\n\n\n<p><strong>Kancelaria parafialna:<\/strong><br>poniedzia\u0142ek, wtorek: 10:00-12:00 i 15:00-16:30<br>\u015broda, czwartek, pi\u0105tek: 15:00-16:30<br>(w czasie wakacji wszystkie dni tylko 15:00-16:30)<br><\/p>\n\n\n\n<p>tel. (kancelaria): 42 673-83-56<br>fax (kancelaria): 42 673-57-35<\/p>\n\n\n\n<p>tel. ks. Przemys\u0142aw G\u00f3ra (proboszcz): 502-281-119<\/p>\n\n\n\n<iframe src=\"https:\/\/www.google.com\/maps\/embed?pb=!1m14!1m8!1m3!1d2469.642034244971!2d19.5231147!3d51.757869!3m2!1i1024!2i768!4f13.1!3m3!1m2!1s0x471bccaa23629e51%3A0x9bd7835958e7fb96!2sKo%C5%9Bci%C3%B3%C5%82%20pw.%20%C5%9Bw.%20brata%20Alberta%20Chmielowskiego!5e0!3m2!1spl!2spl!4v1697810899599!5m2!1spl!2spl\" width=\"600\" height=\"450\" style=\"border:0;\" allowfullscreen=\"\" loading=\"lazy\" referrerpolicy=\"no-referrer-when-downgrade\"><\/iframe>\n\n\n\n<figure class=\"wp-block-image size-full\"><img loading=\"lazy\" decoding=\"async\" width=\"758\" height=\"503\" src=\"https:\/\/parafie.archidiecezja.lodz.pl\/swietyalbert\/wp-content\/uploads\/2023\/10\/kancelaria.jpg\" alt=\"\" class=\"wp-image-601\" srcset=\"https:\/\/parafie.archidiecezja.lodz.pl\/swietyalbert\/wp-content\/uploads\/2023\/10\/kancelaria.jpg 758w, https:\/\/parafie.archidiecezja.lodz.pl\/swietyalbert\/wp-content\/uploads\/2023\/10\/kancelaria-300x199.jpg 300w\" sizes=\"auto, (max-width: 758px) 100vw, 758px\" \/><\/figure>\n\n\n\n<p><strong>Numer konta bankowego:<\/strong><br>39 1020 3352 0000 1802 0010 4042<\/p>\n\n\n\n<p><strong>Strona internetowa:<\/strong><br><a href=\"https:\/\/parafie.archidiecezja.lodz.pl\/swietyalbert\">www.archidiecezja.lodz.pl\/swietyalbert<br><\/a>administracja stron\u0105 &#8211; Agnieszka Pilc-Chrab\u0105szcz<\/p>\n\n\n\n<p><strong>Poczta e-mail:<\/strong><br>Prosimy kierowa\u0107 jedynie maile dotycz\u0105ce strony www,<br>osoba odbieraj\u0105ca t\u0119 poczt\u0119 nie ma dost\u0119pu do \u017cadnych danych kancelaryjnych.<br>brat.albert@poczta.onet.pl<\/p>\n","protected":false},"excerpt":{"rendered":"<p>Dekanat: \u0141\u00f3d\u017a &#8211; Widzew Parafia pw. \u015bw. Alberta Chmielowskiego92-515 \u0141\u00f3d\u017aul.: Chmielowskiego 7(dawniej ul. Bartoka 2)GPS: 51.758363182166505, 19.5223825110967 Dojazd: https:\/\/goo.gl\/maps\/siFjMB46sLrywvH98 NIP: 7281079496 Kancelaria parafialna:poniedzia\u0142ek, wtorek: 10:00-12:00&#8230;<\/p>\n<div class=\"more-link-wrapper\"><a class=\"more-link\" href=\"https:\/\/parafie.archidiecezja.lodz.pl\/swietyalbert\/kontakt\/\">Rozwi\u0144 ca\u0142\u0105 tre\u015b\u0107<span class=\"screen-reader-text\">Kontakt<\/span><\/a><\/div>\n","protected":false},"author":1,"featured_media":0,"parent":0,"menu_order":11,"comment_status":"closed","ping_status":"closed","template":"","meta":{"footnotes":""},"class_list":["post-12","page","type-page","status-publish","hentry","entry"],"_links":{"self":[{"href":"https:\/\/parafie.archidiecezja.lodz.pl\/swietyalbert\/wp-json\/wp\/v2\/pages\/12","targetHints":{"allow":["GET"]}}],"collection":[{"href":"https:\/\/parafie.archidiecezja.lodz.pl\/swietyalbert\/wp-json\/wp\/v2\/pages"}],"about":[{"href":"https:\/\/parafie.archidiecezja.lodz.pl\/swietyalbert\/wp-json\/wp\/v2\/types\/page"}],"author":[{"embeddable":true,"href":"https:\/\/parafie.archidiecezja.lodz.pl\/swietyalbert\/wp-json\/wp\/v2\/users\/1"}],"replies":[{"embeddable":true,"href":"https:\/\/parafie.archidiecezja.lodz.pl\/swietyalbert\/wp-json\/wp\/v2\/comments?post=12"}],"version-history":[{"count":7,"href":"https:\/\/parafie.archidiecezja.lodz.pl\/swietyalbert\/wp-json\/wp\/v2\/pages\/12\/revisions"}],"predecessor-version":[{"id":2967,"href":"https:\/\/parafie.archidiecezja.lodz.pl\/swietyalbert\/wp-json\/wp\/v2\/pages\/12\/revisions\/2967"}],"wp:attachment":[{"href":"https:\/\/parafie.archidiecezja.lodz.pl\/swietyalbert\/wp-json\/wp\/v2\/media?parent=12"}],"curies":[{"name":"wp","href":"https:\/\/api.w.org\/{rel}","templated":true}]}}