{"id":126,"date":"2023-09-05T17:27:19","date_gmt":"2023-09-05T15:27:19","guid":{"rendered":"http:\/\/127.0.0.1\/wordpress\/?page_id=126"},"modified":"2023-09-05T17:27:19","modified_gmt":"2023-09-05T15:27:19","slug":"eucharystia","status":"publish","type":"page","link":"https:\/\/parafie.archidiecezja.lodz.pl\/swietyalbert\/sakramenty\/eucharystia\/","title":{"rendered":"Eucharystia"},"content":{"rendered":"\n<figure class=\"wp-block-pullquote\"><blockquote><p><em>&#8222;Patrz\u0119 na Jezusa w Jego Eucharystii:<\/em><br><em>czy\u017c Jego mi\u0142o\u015b\u0107 mog\u0142aby pomy\u015ble\u0107 jeszcze co\u015b pi\u0119kniejszego?&#8221;<\/em><br><em>(\u015bw. Albert)<\/em><\/p><\/blockquote><\/figure>\n\n\n\n<blockquote class=\"wp-block-quote is-layout-flow wp-block-quote-is-layout-flow\">\n<p><em>&#8222;Pan Jezus ustanawiaj\u0105c Naj\u015bwi\u0119tsz\u0105 Eucharysti\u0119 odda\u0142 nam swoje Cia\u0142o i&nbsp;Krew,<\/em><br><em>czyli anticipative przyj\u0105\u0142 ca\u0142\u0105 M\u0119k\u0119, w&nbsp;kt\u00f3rej Cia\u0142o zosta\u0142o zniszczone i&nbsp;Krew wylana,<\/em><br><em>ale ju\u017c zosta\u0142y \u017cywe w&nbsp;Naj\u015bwi\u0119tszej Eucharystii dla&nbsp;nas&#8221; (\u015bw. Albert)<\/em><\/p>\n<\/blockquote>\n\n\n\n<blockquote class=\"wp-block-quote is-layout-flow wp-block-quote-is-layout-flow\">\n<p><em>&#8222;Pan B\u00f3g da\u0142 te\u017c Cia\u0142o i&nbsp;Krew Syna, \u017ceby\u015bmy t\u0119 biedn\u0105 dusz\u0119 karmili;<\/em><br><em>nie mo\u017ce dusza bez tej tajemniczej strawy \u017cy\u0107.<\/em><br><em>Taka sama to&nbsp;karma dla niej, jak chleb i&nbsp;mleko dla cia\u0142a.<\/em><br><em>Prawda jest, \u017ce to tajemnica niepoj\u0119ta, ale te\u017c Pan B\u00f3g da\u0142 co\u015b nieznanego do&nbsp;serca,<\/em><br><em>kt\u00f3re po\u015bwiadcza w g\u0142\u0119bi cz\u0142owieka, \u017ce tak jest, nie inaczej.&#8221; (\u015bw. Albert)<\/em><\/p>\n<\/blockquote>\n\n\n\n<blockquote class=\"wp-block-quote is-layout-flow wp-block-quote-is-layout-flow\">\n<p><em>&#8222;Ja otrzyma\u0142em od Pana to, co wam przekaza\u0142em, \u017ce Pan Jezus tej nocy, kiedy zosta\u0142 wydany,<\/em><br><em>wzi\u0105\u0142 chleb i dzi\u0119ki uczyniwszy po\u0142ama\u0142 i rzek\u0142:<\/em><br><em>To jest Cia\u0142o moje za was [wydane]. Czy\u0144cie to na moj\u0105 pami\u0105tk\u0119!<\/em><br><em>Podobnie, sko\u0144czywszy wieczerz\u0119, wzi\u0105\u0142 kielich, m\u00f3wi\u0105c:<\/em><br><em>Ten kielich jest Nowym Przymierzem we Krwi mojej. Czy\u0144cie to, ile razy pi\u0107 b\u0119dziecie, na moj\u0105 pami\u0105tk\u0119!<\/em><br><em>Ilekro\u0107 bowiem spo\u017cywacie ten chleb albo pijecie kielich, \u015bmier\u0107 Pa\u0144sk\u0105 g\u0142osicie, a\u017c przyjdzie.&#8221;<\/em><br><em>(1 Kor 11,23-26)<\/em><\/p>\n<\/blockquote>\n\n\n\n<p><\/p>\n\n\n\n<h2 class=\"wp-block-heading\"><strong>Pierwsza Komunia \u015awi\u0119ta<\/strong><\/h2>\n\n\n\n<p><a href=\"https:\/\/youtu.be\/29jJqYnzGfI\">Nagranie z obrz\u0119du I Komunii \u015awi\u0119tej &#8211; 22 maja 2016 r.<\/a><br><a href=\"http:\/\/www.opoka.org.pl\/biblioteka\/W\/WP\/benedykt_xvi\/przemowienia\/dzieci_15102005.html\">&#8222;Niech Jezus b\u0119dzie waszym Przyjacielem&#8221; &#8211; spotkanie Benedykta XVI z\u00a0dzie\u0107mi<\/a><br><a href=\"http:\/\/www.opoka.org.pl\/biblioteka\/P\/PR\/milowy_krok.html\">&#8222;Milowy krok na drodze wiary&#8221; &#8211; ks. Andrzej Adamski<\/a><\/p>\n\n\n\n<hr class=\"wp-block-separator has-alpha-channel-opacity\"\/>\n\n\n\n<p><\/p>\n\n\n\n<h2 class=\"wp-block-heading\"><strong>Katechizm<\/strong><\/h2>\n\n\n\n<p><a href=\"http:\/\/www.katechizm.opoka.org.pl\/kkkII-2-1.htm#o18kkkII-2-1\">Katechizm Ko\u015bcio\u0142a Katolickiego o Eucharystii.<\/a><\/p>\n\n\n\n<hr class=\"wp-block-separator has-alpha-channel-opacity\"\/>\n\n\n\n<p><\/p>\n\n\n\n<h2 class=\"wp-block-heading\"><strong>Warto przeczyta\u0107<\/strong><\/h2>\n\n\n\n<p><a href=\"http:\/\/www.opoka.org.pl\/biblioteka\/W\/WP\/jan_pawel_ii\/encykliki\/eucharistia_17042003.html\">Encyklika Jana Paw\u0142a II &#8222;<em>ECCLESIA DE EUCHARISTIA<\/em>&#8221; (&#8222;O Eucharystii w \u017cyciu Ko\u015bcio\u0142a&#8221;)<\/a><br><a href=\"http:\/\/liturgia.wiara.pl\/doc\/420167.Prawie-wszystko-o-Eucharystii\">&#8222;Prawie wszystko o Eucharystii&#8221; (wiara.pl)<\/a><br><a href=\"http:\/\/www.katolik.pl\/nieustannie-trwajacy-cud,501,416,news.html\">&#8222;Nieustannie trwaj\u0105cy cud&#8221; (ks. Mieczys\u0142aw Piotrowski TChr.)<\/a><br><a href=\"http:\/\/www.radiomaryja.pl\/kosciol\/srodowa-audiencja-generalna-z-ojcem-swietym-franciszkiem-35\/\">Katecheza pp. Franciszka o Eucharystii (05.02.2014 r.)<\/a><br><a href=\"http:\/\/www.radiomaryja.pl\/multimedia\/srodowa-audiencja-generalna-z-ojcem-swietym-franciszkiem-36\/\">Katecheza pp. Franciszka o Eucharystii (12.02.2014 r.)<\/a><br><a href=\"http:\/\/www.youtube.com\/playlist?list=PLXVsguxeflobJWM5uMDfQqxufL4j_nAk3\">&#8222;Siedem jak Sakramenty&#8221;<\/a><br><\/p>\n\n\n\n<figure class=\"wp-block-embed is-type-video is-provider-youtube wp-block-embed-youtube wp-embed-aspect-16-9 wp-has-aspect-ratio\"><div class=\"wp-block-embed__wrapper\">\n<iframe loading=\"lazy\" title=\"Siedem jak Sakramenty: Eucharystia\" width=\"500\" height=\"281\" src=\"https:\/\/www.youtube.com\/embed\/3yc5yKRwOtc?feature=oembed\" frameborder=\"0\" allow=\"accelerometer; autoplay; clipboard-write; encrypted-media; gyroscope; picture-in-picture; web-share\" referrerpolicy=\"strict-origin-when-cross-origin\" allowfullscreen><\/iframe>\n<\/div><\/figure>\n","protected":false},"excerpt":{"rendered":"<p>&#8222;Patrz\u0119 na Jezusa w Jego Eucharystii:czy\u017c Jego mi\u0142o\u015b\u0107 mog\u0142aby pomy\u015ble\u0107 jeszcze co\u015b pi\u0119kniejszego?&#8221;(\u015bw. Albert) &#8222;Pan Jezus ustanawiaj\u0105c Naj\u015bwi\u0119tsz\u0105 Eucharysti\u0119 odda\u0142 nam swoje Cia\u0142o i&nbsp;Krew,czyli anticipative&#8230;<\/p>\n<div class=\"more-link-wrapper\"><a class=\"more-link\" href=\"https:\/\/parafie.archidiecezja.lodz.pl\/swietyalbert\/sakramenty\/eucharystia\/\">Rozwi\u0144 ca\u0142\u0105 tre\u015b\u0107<span class=\"screen-reader-text\">Eucharystia<\/span><\/a><\/div>\n","protected":false},"author":1,"featured_media":0,"parent":102,"menu_order":2,"comment_status":"closed","ping_status":"closed","template":"","meta":{"footnotes":""},"class_list":["post-126","page","type-page","status-publish","hentry","entry"],"_links":{"self":[{"href":"https:\/\/parafie.archidiecezja.lodz.pl\/swietyalbert\/wp-json\/wp\/v2\/pages\/126","targetHints":{"allow":["GET"]}}],"collection":[{"href":"https:\/\/parafie.archidiecezja.lodz.pl\/swietyalbert\/wp-json\/wp\/v2\/pages"}],"about":[{"href":"https:\/\/parafie.archidiecezja.lodz.pl\/swietyalbert\/wp-json\/wp\/v2\/types\/page"}],"author":[{"embeddable":true,"href":"https:\/\/parafie.archidiecezja.lodz.pl\/swietyalbert\/wp-json\/wp\/v2\/users\/1"}],"replies":[{"embeddable":true,"href":"https:\/\/parafie.archidiecezja.lodz.pl\/swietyalbert\/wp-json\/wp\/v2\/comments?post=126"}],"version-history":[{"count":0,"href":"https:\/\/parafie.archidiecezja.lodz.pl\/swietyalbert\/wp-json\/wp\/v2\/pages\/126\/revisions"}],"up":[{"embeddable":true,"href":"https:\/\/parafie.archidiecezja.lodz.pl\/swietyalbert\/wp-json\/wp\/v2\/pages\/102"}],"wp:attachment":[{"href":"https:\/\/parafie.archidiecezja.lodz.pl\/swietyalbert\/wp-json\/wp\/v2\/media?parent=126"}],"curies":[{"name":"wp","href":"https:\/\/api.w.org\/{rel}","templated":true}]}}