{"id":128,"date":"2023-09-05T17:27:49","date_gmt":"2023-09-05T15:27:49","guid":{"rendered":"http:\/\/127.0.0.1\/wordpress\/?page_id=128"},"modified":"2023-11-03T10:56:23","modified_gmt":"2023-11-03T09:56:23","slug":"pokuta","status":"publish","type":"page","link":"https:\/\/parafie.archidiecezja.lodz.pl\/swietyalbert\/sakramenty\/pokuta\/","title":{"rendered":"Pokuta"},"content":{"rendered":"\n<figure class=\"wp-block-pullquote\"><blockquote><p><em>&#8222;Pan B\u00f3g wie dobrze w jakim nikczemnym garnku dusz\u0119 nosimy,<\/em> <em>dlatego da\u0142 spowied\u017a jak krynic\u0119, \u017ceby\u015bmy si\u0119 w niej myli,<\/em> <em>bo \u017cycie brudzi ka\u017cdego jak b\u0142oto.&#8221;<\/em><br><em>(\u015bw. Brat Albert)<\/em><\/p><\/blockquote><\/figure>\n\n\n\n<p>Do sakramentu pokuty i pojednania w naszej parafii mo\u017cna przyst\u0105pi\u0107 podczas wszystkich mszy \u015bwi\u0119tych, a gdy nie ma takiej mo\u017cliwo\u015bci (co zdarza si\u0119 w wyj\u0105tkowych sytuacjach) po zako\u0144czeniu mszy \u015bwi\u0119tej nale\u017cy niezw\u0142ocznie zg\u0142osi\u0107 si\u0119 do zakrystii i poprosi\u0107 o spowied\u017a.<\/p>\n\n\n\n<p>W pierwsze pi\u0105tki miesi\u0105ca &#8211; spowied\u017a od godziny 17:00.<\/p>\n\n\n\n<p>Poza konfesjona\u0142ami &#8222;otwartymi&#8221;, z ty\u0142u ko\u015bcio\u0142a znajduje si\u0119 jeden zabudowany konfesjona\u0142.<\/p>\n\n\n\n<hr class=\"wp-block-separator has-alpha-channel-opacity\"\/>\n\n\n\n<p>Lista <strong>sta\u0142ych <\/strong>konfesjona\u0142\u00f3w w Polsce (w tym w \u0141odzi): <a href=\"http:\/\/www.spowiedz.pl\/konfes.htm\">http:\/\/www.spowiedz.pl\/konfes.htm<\/a> <\/p>\n\n\n\n<hr class=\"wp-block-separator has-alpha-channel-opacity\"\/>\n\n\n\n<p>Przed przyst\u0105pieniem do spowiedzi trzeba przypomnie\u0107 sobie warunki sakramentu i wype\u0142ni\u0107 pierwsze trzy:<\/p>\n\n\n\n<ol class=\"wp-block-list\">\n<li><strong>rachunek sumienia <\/strong>(przede wszystkim w oparciu o X Przykaza\u0144 Bo\u017cych; mo\u017cna korzysta\u0107 z rachunk\u00f3w sumienia, jakie znajdziemy w ksi\u0105\u017ceczkach do nabo\u017ce\u0144stwa lub w internecie)\n<ul class=\"wp-block-list\">\n<li><a rel=\"noreferrer noopener\" href=\"https:\/\/youtu.be\/zQvCJ5uQoi4\" target=\"_blank\">https:\/\/youtu.be\/zQvCJ5uQoi4<\/a><br> <\/li>\n<\/ul>\n<\/li>\n\n\n\n<li><strong>\u017cal za grzechy<\/strong>\n<ul class=\"wp-block-list\">\n<li><a rel=\"noreferrer noopener\" href=\"https:\/\/youtu.be\/MobmHp0Njn0\" target=\"_blank\">https:\/\/youtu.be\/MobmHp0Njn0<\/a><br> <\/li>\n<\/ul>\n<\/li>\n\n\n\n<li><strong>mocne postanowienie poprawy<\/strong>\n<ul class=\"wp-block-list\">\n<li><a rel=\"noreferrer noopener\" href=\"https:\/\/youtu.be\/Ac_0e6yxslk\" target=\"_blank\">https:\/\/youtu.be\/Ac_0e6yxslk<\/a><br> <\/li>\n<\/ul>\n<\/li>\n\n\n\n<li><strong>szczera spowied\u017a<\/strong>\n<ul class=\"wp-block-list\">\n<li><a rel=\"noreferrer noopener\" href=\"https:\/\/youtu.be\/FPCBMRIdLI4\" target=\"_blank\">https:\/\/youtu.be\/FPCBMRIdLI4<\/a><br> <\/li>\n<\/ul>\n<\/li>\n\n\n\n<li><strong>zado\u015b\u0107uczynienie Panu Bogu i bli\u017aniemu<\/strong>\n<ul class=\"wp-block-list\">\n<li><a rel=\"noreferrer noopener\" href=\"https:\/\/youtu.be\/zsFjWmQ13qY\" target=\"_blank\">https:\/\/youtu.be\/zsFjWmQ13qY<\/a><br> <\/li>\n<\/ul>\n<\/li>\n<\/ol>\n\n\n\n<p>Po otrzymaniu rozgrzeszenia pozostaje do wype\u0142nienia zadana pokuta i naprawienie szk\u00f3d wyrz\u0105dzonych swym post\u0119powaniem oraz zado\u015b\u0107uczynienie. <\/p>\n\n\n\n<hr class=\"wp-block-separator has-alpha-channel-opacity\"\/>\n\n\n\n<blockquote class=\"wp-block-quote is-layout-flow wp-block-quote-is-layout-flow\">\n<p><em>&#8222;We\u017amijcie Ducha \u015awi\u0119tego!<\/em><br><em>Kt\u00f3rym odpu\u015bcicie grzechy, s\u0105 im odpuszczone,<\/em><br><em>a kt\u00f3rym zatrzymacie, s\u0105 im zatrzymane&#8221;<\/em><br><em>(J 20, 22b-23)<\/em><\/p>\n<\/blockquote>\n\n\n\n<hr class=\"wp-block-separator has-alpha-channel-opacity\"\/>\n\n\n\n<p><\/p>\n\n\n\n<h2 class=\"wp-block-heading\"><strong>Katechizm<\/strong><\/h2>\n\n\n\n<p><a href=\"http:\/\/www.katechizm.opoka.org.pl\/kkkII-2-2.htm#o2kkkII-2-2\">Katechizm Ko\u015bcio\u0142a Katolickiego o sakramencie pokuty i pojednania.<\/a><br><\/p>\n\n\n\n<hr class=\"wp-block-separator has-alpha-channel-opacity\"\/>\n\n\n\n<p><\/p>\n\n\n\n<h2 class=\"wp-block-heading\"><strong>Przed pierwsz\u0105 spowiedzi\u0105<\/strong><\/h2>\n\n\n\n<p><a href=\"http:\/\/www.opoka.org.pl\/biblioteka\/M\/MS\/spowiedz_dzieci.html\">Rachunek sumienia oraz formu\u0142a spowiedzi<\/a><br><\/p>\n\n\n\n<hr class=\"wp-block-separator has-alpha-channel-opacity\"\/>\n\n\n\n<p><\/p>\n\n\n\n<h2 class=\"wp-block-heading\"><strong>Warto zajrze\u0107<\/strong><\/h2>\n\n\n\n<p><a href=\"http:\/\/www.spowiedz.pl\/\">Strona po\u015bwi\u0119cona sakramentowi pokuty i pojednania.<\/a><br>Zawiera odpowiedzi na najcz\u0119stsze pytania, wykaz sta\u0142ych konfesjona\u0142\u00f3w i wiele ciekawych artyku\u0142\u00f3w na ten temat.<\/p>\n\n\n\n<p><a href=\"https:\/\/www.archidiecezja.lodz.pl\/aktualnosci\/2012\/02\/spowiedz-droga-do-wolnosci\">&#8222;Spowied\u017a &#8211; droga do wolno\u015bci&#8221; &#8211; wypowiedzi spowiednik\u00f3w<\/a><\/p>\n\n\n\n<p><a href=\"https:\/\/www.archidiecezja.lodz.pl\/aktualnosci\/2012\/03\/spowiedz-po-dlugiej-przerwie\">Spowied\u017a po d\u0142ugiej przerwie<\/a><\/p>\n\n\n\n<p><a href=\"http:\/\/www.katolik.pl\/spotkanie-z-bozym-milosierdziem,22562,416,cz.html\">&#8222;Spotkanie z Bo\u017cym mi\u0142osierdziem&#8221; &#8211; ks. Andrzej Batorski<\/a><\/p>\n\n\n\n<p><a href=\"http:\/\/www.deon.pl\/religia\/duchowosc-i-wiara\/zycie-i-wiara\/art,78,dlaczego-nie-lubimy-rachunku-sumienia.html\">&#8222;Dlaczego nie lubimy rachunku sumienia?&#8221; &#8211; Stanis\u0142aw Morgalla SJ<\/a><\/p>\n\n\n\n<p><a href=\"http:\/\/www.katolik.pl\/spowiedz-przez-internet,2223,416,cz.html\">&#8222;Spowied\u017a przez Internet?&#8221; &#8211; o.Rufus<\/a><\/p>\n\n\n\n<p><a href=\"https:\/\/www.katolik.pl\/spowiedz-generalna---czy-to-ma-sens-,40938,416,news.html\">&#8222;Spowied\u017a generalna &#8211; czy to ma sens?&#8221; &#8211; Anna D\u0105browska, S\u0142awomir Rusin<\/a><\/p>\n\n\n\n<p><a href=\"http:\/\/www.katolik.pl\/kregi-zla,23421,416,cz.html\">&#8222;Kr\u0119gi z\u0142a&#8221; &#8211; Danuta Piekarz<\/a><\/p>\n\n\n\n<p><a href=\"http:\/\/www.deon.pl\/religia\/duchowosc-i-wiara\/zycie-i-wiara\/art,395,spowiedz-sakrament-leczenia-grzechu.html\">&#8222;Spowied\u017a &#8211; sakrament leczenia grzechu&#8221; &#8211; ks. Mariusz Pohl<\/a><\/p>\n\n\n\n<p><a href=\"https:\/\/stacja7.pl\/wiara\/abc-spowiedzi\/\">&#8222;ABC Spowiedzi&#8221; &#8211; Szymon Hi\u017cycki OSB<\/a><\/p>\n\n\n\n<p><a href=\"https:\/\/stacja7.pl\/wiara\/rachunek-dobrej-spowiedzi\/\">&#8222;Rachunek dobrej spowiedzi&#8221; Dawid Gospodarek Miesi\u0119cznik<\/a><\/p>\n\n\n\n<p><a href=\"http:\/\/www.radiomaryja.pl\/kosciol\/srodowa-audiencja-generalna-z-ojcem-swietym-franciszkiem-37\/\">Katecheza pp. Franciszka o sakramencie pokuty (19.02.2014 r.)<\/a><\/p>\n\n\n\n<p><a href=\"http:\/\/www.youtube.com\/playlist?list=PLXVsguxeflobJWM5uMDfQqxufL4j_nAk3\">&#8222;Siedem jak Sakramenty&#8221;<\/a><\/p>\n\n\n\n<figure class=\"wp-block-embed is-type-video is-provider-youtube wp-block-embed-youtube wp-embed-aspect-16-9 wp-has-aspect-ratio\"><div class=\"wp-block-embed__wrapper\">\n<iframe loading=\"lazy\" title=\"Siedem jak Sakramenty: Spowied\u017a\" width=\"500\" height=\"281\" src=\"https:\/\/www.youtube.com\/embed\/QMtfOa7mGM8?feature=oembed\" frameborder=\"0\" allow=\"accelerometer; autoplay; clipboard-write; encrypted-media; gyroscope; picture-in-picture; web-share\" referrerpolicy=\"strict-origin-when-cross-origin\" allowfullscreen><\/iframe>\n<\/div><\/figure>\n","protected":false},"excerpt":{"rendered":"<p>&#8222;Pan B\u00f3g wie dobrze w jakim nikczemnym garnku dusz\u0119 nosimy, dlatego da\u0142 spowied\u017a jak krynic\u0119, \u017ceby\u015bmy si\u0119 w niej myli, bo \u017cycie brudzi ka\u017cdego jak&#8230;<\/p>\n<div class=\"more-link-wrapper\"><a class=\"more-link\" href=\"https:\/\/parafie.archidiecezja.lodz.pl\/swietyalbert\/sakramenty\/pokuta\/\">Rozwi\u0144 ca\u0142\u0105 tre\u015b\u0107<span class=\"screen-reader-text\">Pokuta<\/span><\/a><\/div>\n","protected":false},"author":1,"featured_media":0,"parent":102,"menu_order":3,"comment_status":"closed","ping_status":"closed","template":"","meta":{"footnotes":""},"class_list":["post-128","page","type-page","status-publish","hentry","entry"],"_links":{"self":[{"href":"https:\/\/parafie.archidiecezja.lodz.pl\/swietyalbert\/wp-json\/wp\/v2\/pages\/128","targetHints":{"allow":["GET"]}}],"collection":[{"href":"https:\/\/parafie.archidiecezja.lodz.pl\/swietyalbert\/wp-json\/wp\/v2\/pages"}],"about":[{"href":"https:\/\/parafie.archidiecezja.lodz.pl\/swietyalbert\/wp-json\/wp\/v2\/types\/page"}],"author":[{"embeddable":true,"href":"https:\/\/parafie.archidiecezja.lodz.pl\/swietyalbert\/wp-json\/wp\/v2\/users\/1"}],"replies":[{"embeddable":true,"href":"https:\/\/parafie.archidiecezja.lodz.pl\/swietyalbert\/wp-json\/wp\/v2\/comments?post=128"}],"version-history":[{"count":2,"href":"https:\/\/parafie.archidiecezja.lodz.pl\/swietyalbert\/wp-json\/wp\/v2\/pages\/128\/revisions"}],"predecessor-version":[{"id":957,"href":"https:\/\/parafie.archidiecezja.lodz.pl\/swietyalbert\/wp-json\/wp\/v2\/pages\/128\/revisions\/957"}],"up":[{"embeddable":true,"href":"https:\/\/parafie.archidiecezja.lodz.pl\/swietyalbert\/wp-json\/wp\/v2\/pages\/102"}],"wp:attachment":[{"href":"https:\/\/parafie.archidiecezja.lodz.pl\/swietyalbert\/wp-json\/wp\/v2\/media?parent=128"}],"curies":[{"name":"wp","href":"https:\/\/api.w.org\/{rel}","templated":true}]}}