{"id":130,"date":"2023-09-05T17:28:17","date_gmt":"2023-09-05T15:28:17","guid":{"rendered":"http:\/\/127.0.0.1\/wordpress\/?page_id=130"},"modified":"2023-09-05T17:28:17","modified_gmt":"2023-09-05T15:28:17","slug":"namaszczenie-chorych","status":"publish","type":"page","link":"https:\/\/parafie.archidiecezja.lodz.pl\/swietyalbert\/sakramenty\/namaszczenie-chorych\/","title":{"rendered":"Namaszczenie chorych"},"content":{"rendered":"\n<p>Sakrament namaszczenia chorych jest przeznaczony do&nbsp;umocnienia os\u00f3b dotkni\u0119tych powa\u017cn\u0105 chorob\u0105 oraz dla tych, kt\u00f3rzy zbli\u017caj\u0105 si\u0119 do&nbsp;kresu \u017cycia.<\/p>\n\n\n\n<p><mark style=\"background-color:rgba(0, 0, 0, 0)\" class=\"has-inline-color has-vivid-red-color\">SAKRAMENT CHORYCH MO\u017bNA PRZYJMOWA\u0106 WI\u0118CEJ RAZY W\u00a0CI\u0104GU \u017bYCIA!<\/mark><\/p>\n\n\n\n<p>W&nbsp;sytuacji nag\u0142ej choroby czy zbli\u017caj\u0105cej si\u0119 operacji, mo\u017cna zawsze przyj\u015b\u0107 do&nbsp;ko\u015bcio\u0142a i&nbsp;w&nbsp;zakrystii\/kancelarii poprosi\u0107 ksi\u0119dza o&nbsp;udzielenie sakramentu lub zaprosi\u0107 kap\u0142ana do&nbsp;domu osoby, kt\u00f3ra nie jest w&nbsp;stanie dotrze\u0107 do&nbsp;ko\u015bcio\u0142a.<\/p>\n\n\n\n<p>W naszej parafii sakrament chorych udzielany jest te\u017c zawsze we wspomnienie Matki Bo\u017cej z Lourds, czyli w \u015awiatowym Dniu Chorych (11 lutego) oraz przy okazji parafialnych rekolekcji.<\/p>\n\n\n\n<hr class=\"wp-block-separator has-alpha-channel-opacity\"\/>\n\n\n\n<blockquote class=\"wp-block-quote is-layout-flow wp-block-quote-is-layout-flow\">\n<p>&#8222;Choruje kto\u015b w\u015br\u00f3d was? Niech sprowadzi kap\u0142an\u00f3w Ko\u015bcio\u0142a, by si\u0119 modlili nad&nbsp;nim<br>i&nbsp;nama\u015bcili go&nbsp;olejem w&nbsp;imi\u0119 Pana. A&nbsp;modlitwa pe\u0142na wiary b\u0119dzie dla chorego ratunkiem i&nbsp;Pan go&nbsp;pod\u017awignie, a&nbsp;je\u015bliby pope\u0142ni\u0142 grzechy, b\u0119d\u0105 mu odpuszczone.&#8221; <br>(Jk 5, 14-15)li.&#8221; (Mk 6, 12-13)<\/p>\n<\/blockquote>\n\n\n\n<blockquote class=\"wp-block-quote is-layout-flow wp-block-quote-is-layout-flow\">\n<p>&#8222;Na chorych r\u0119ce k\u0142a\u015b\u0107 b\u0119d\u0105, i&nbsp;ci odzyskaj\u0105 zdrowie.&#8221; <br>(Mk 16, 18b)<\/p>\n<\/blockquote>\n\n\n\n<blockquote class=\"wp-block-quote is-layout-flow wp-block-quote-is-layout-flow\">\n<p><em>&#8222;Oni wi\u0119c wyszli i&nbsp;wzywali do nawr\u00f3cenia. Wyrzucali te\u017c wiele z\u0142ych duch\u00f3w<\/em><br><em>oraz wielu chorych namaszczali olejem i&nbsp;uzdrawiali.&#8221; <\/em><br><em>(Mk 6, 12-13)<\/em><\/p>\n<\/blockquote>\n\n\n\n<hr class=\"wp-block-separator has-alpha-channel-opacity\"\/>\n\n\n\n<p><\/p>\n\n\n\n<h2 class=\"wp-block-heading\"><strong>Katechizm<\/strong><\/h2>\n\n\n\n<p><a href=\"http:\/\/www.katechizm.opoka.org.pl\/kkkII-2-2.htm#o15kkkII-2-2\">Katechizm Ko\u015bcio\u0142a Katolickiego o&nbsp;sakramencie namaszczenia chorych.<\/a><\/p>\n\n\n\n<hr class=\"wp-block-separator has-alpha-channel-opacity\"\/>\n\n\n\n<p><\/p>\n\n\n\n<h2 class=\"wp-block-heading\"><strong>Warto zajrze\u0107<\/strong><\/h2>\n\n\n\n<p><a href=\"http:\/\/7pierwszych.pl\/wp-content\/uploads\/2013\/07\/namaszczenie_01.pdf\">Obrz\u0119d sakramentu namaszczenia chorych<\/a><br><a href=\"http:\/\/gosc.pl\/doc\/1068415.Znak-czulosci-Boga\">&#8222;Znak czu\u0142o\u015bci Boga&#8221; ks. Tomasz Jaklewicz<\/a><br><a href=\"http:\/\/www.radiomaryja.pl\/kosciol\/srodowa-audiencja-generalna-z-ojcem-swietym-franciszkiem-37\/\">Katecheza pp. Franciszka o sakramencie namaszczenia chorych (26.02.2014 r.)<\/a><br><a href=\"http:\/\/www.youtube.com\/watch?v=uLFV2g_Bk6Y&amp;list=PLXVsguxeflobJWM5uMDfQqxufL4j_nAk3&amp;feature=share&amp;index=13\">&#8222;Siedem jak Sakramenty&#8221;<\/a><\/p>\n\n\n\n<figure class=\"wp-block-embed is-type-video is-provider-youtube wp-block-embed-youtube wp-embed-aspect-16-9 wp-has-aspect-ratio\"><div class=\"wp-block-embed__wrapper\">\n<iframe loading=\"lazy\" title=\"Siedem jak Sakramenty: Namaszczenie chorych\" width=\"500\" height=\"281\" src=\"https:\/\/www.youtube.com\/embed\/uLFV2g_Bk6Y?feature=oembed\" frameborder=\"0\" allow=\"accelerometer; autoplay; clipboard-write; encrypted-media; gyroscope; picture-in-picture; web-share\" referrerpolicy=\"strict-origin-when-cross-origin\" allowfullscreen><\/iframe>\n<\/div><\/figure>\n","protected":false},"excerpt":{"rendered":"<p>Sakrament namaszczenia chorych jest przeznaczony do&nbsp;umocnienia os\u00f3b dotkni\u0119tych powa\u017cn\u0105 chorob\u0105 oraz dla tych, kt\u00f3rzy zbli\u017caj\u0105 si\u0119 do&nbsp;kresu \u017cycia. SAKRAMENT CHORYCH MO\u017bNA PRZYJMOWA\u0106 WI\u0118CEJ RAZY W\u00a0CI\u0104GU&#8230;<\/p>\n<div class=\"more-link-wrapper\"><a class=\"more-link\" href=\"https:\/\/parafie.archidiecezja.lodz.pl\/swietyalbert\/sakramenty\/namaszczenie-chorych\/\">Rozwi\u0144 ca\u0142\u0105 tre\u015b\u0107<span class=\"screen-reader-text\">Namaszczenie chorych<\/span><\/a><\/div>\n","protected":false},"author":1,"featured_media":0,"parent":102,"menu_order":4,"comment_status":"closed","ping_status":"closed","template":"","meta":{"footnotes":""},"class_list":["post-130","page","type-page","status-publish","hentry","entry"],"_links":{"self":[{"href":"https:\/\/parafie.archidiecezja.lodz.pl\/swietyalbert\/wp-json\/wp\/v2\/pages\/130","targetHints":{"allow":["GET"]}}],"collection":[{"href":"https:\/\/parafie.archidiecezja.lodz.pl\/swietyalbert\/wp-json\/wp\/v2\/pages"}],"about":[{"href":"https:\/\/parafie.archidiecezja.lodz.pl\/swietyalbert\/wp-json\/wp\/v2\/types\/page"}],"author":[{"embeddable":true,"href":"https:\/\/parafie.archidiecezja.lodz.pl\/swietyalbert\/wp-json\/wp\/v2\/users\/1"}],"replies":[{"embeddable":true,"href":"https:\/\/parafie.archidiecezja.lodz.pl\/swietyalbert\/wp-json\/wp\/v2\/comments?post=130"}],"version-history":[{"count":0,"href":"https:\/\/parafie.archidiecezja.lodz.pl\/swietyalbert\/wp-json\/wp\/v2\/pages\/130\/revisions"}],"up":[{"embeddable":true,"href":"https:\/\/parafie.archidiecezja.lodz.pl\/swietyalbert\/wp-json\/wp\/v2\/pages\/102"}],"wp:attachment":[{"href":"https:\/\/parafie.archidiecezja.lodz.pl\/swietyalbert\/wp-json\/wp\/v2\/media?parent=130"}],"curies":[{"name":"wp","href":"https:\/\/api.w.org\/{rel}","templated":true}]}}