{"id":132,"date":"2023-09-05T17:28:31","date_gmt":"2023-09-05T15:28:31","guid":{"rendered":"http:\/\/127.0.0.1\/wordpress\/?page_id=132"},"modified":"2023-09-05T17:28:31","modified_gmt":"2023-09-05T15:28:31","slug":"kaplanstwo","status":"publish","type":"page","link":"https:\/\/parafie.archidiecezja.lodz.pl\/swietyalbert\/sakramenty\/kaplanstwo\/","title":{"rendered":"Kap\u0142a\u0144stwo"},"content":{"rendered":"\n<figure class=\"wp-block-pullquote\"><blockquote><p><em>&#8222;S\u0142uga Bo\u017cy ma by\u0107 zawsze weso\u0142y i spokojny,<\/em><br><em>bo wie, \u017ce nad nim opieka Boska.&#8221;<\/em><br><em>(\u015bw. Brat Albert)<\/em><\/p><\/blockquote><\/figure>\n\n\n\n<h2 class=\"wp-block-heading\"><strong>Katechizm<\/strong><\/h2>\n\n\n\n<p><a href=\"http:\/\/www.katechizm.opoka.org.pl\/kkkII-2-3.htm#o2kkkII-2-3\">Katechizm Ko\u015bcio\u0142a Katolickiego o sakramencie \u015bwi\u0119ce\u0144<\/a><\/p>\n\n\n\n<hr class=\"wp-block-separator has-alpha-channel-opacity\"\/>\n\n\n\n<p><\/p>\n\n\n\n<h2 class=\"wp-block-heading\"><strong>Warto zajrze\u0107<\/strong><\/h2>\n\n\n\n<p><a href=\"http:\/\/wsd.lodz.pl\/\">Strona Wy\u017cszego Seminarium Duchownego w \u0141odzi<\/a><br><a href=\"http:\/\/www.katolik.pl\/nasluchiwanie-glosu-pana-boga,22807,416,news.html\">&#8222;Nas\u0142uchiwanie g\u0142osu Pana Boga&#8221; (Urszula P\u0119kala w rozmowie z o. J\u00f3zefem Augustynem SJ)<\/a><br><a href=\"http:\/\/www.katolik.pl\/walka-duchowa-w-zyciu-kaplanskim,2807,416,news.html\">&#8222;Walka duchowa w \u017cyciu kap\u0142a\u0144skim&#8221; (o. Marian Zawada OCD)<\/a><br><a href=\"http:\/\/www.katolik.pl\/nie-rozumiem-celibatu,1498,416,news.html\">&#8222;Nie rozumiem celibatu&#8221; (Ks. Marek Kruszewski)<\/a><br><a href=\"http:\/\/www.radiomaryja.pl\/kosciol\/srodowa-audiencja-generalna-z-ojcem-swietym-franciszkiem-41\/\">Katecheza pp. Franciszka o sakramencie kap\u0142a\u0144stwa (26.03.2014 r.)<\/a><br><a href=\"https:\/\/youtu.be\/Zoos1qXlINM?si=Y146dkT0Y6skFnNJ\">Film &#8222;Powo\u0142any&#8221;<\/a><br><a href=\"http:\/\/www.youtube.com\/watch?v=Rs_6vv1zaHI&amp;list=PLXVsguxeflobJWM5uMDfQqxufL4j_nAk3&amp;feature=share&amp;index=9\">&#8222;Siedem jak Sakramenty&#8221;<\/a><\/p>\n\n\n\n<figure class=\"wp-block-embed is-type-video is-provider-youtube wp-block-embed-youtube wp-embed-aspect-16-9 wp-has-aspect-ratio\"><div class=\"wp-block-embed__wrapper\">\n<iframe loading=\"lazy\" title=\"Siedem jak Sakramenty: Kap\u0142a\u0144stwo\" width=\"500\" height=\"281\" src=\"https:\/\/www.youtube.com\/embed\/Rs_6vv1zaHI?feature=oembed\" frameborder=\"0\" allow=\"accelerometer; autoplay; clipboard-write; encrypted-media; gyroscope; picture-in-picture; web-share\" referrerpolicy=\"strict-origin-when-cross-origin\" allowfullscreen><\/iframe>\n<\/div><\/figure>\n\n\n\n<hr class=\"wp-block-separator has-alpha-channel-opacity\"\/>\n\n\n\n<figure class=\"wp-block-embed is-type-video is-provider-youtube wp-block-embed-youtube wp-embed-aspect-16-9 wp-has-aspect-ratio\"><div class=\"wp-block-embed__wrapper\">\n<iframe loading=\"lazy\" title=\"POWO\u0141ANY (CALLED) 2022 - FILM NA CZASY OSTATECZNE\" width=\"500\" height=\"281\" src=\"https:\/\/www.youtube.com\/embed\/Zoos1qXlINM?feature=oembed\" frameborder=\"0\" allow=\"accelerometer; autoplay; clipboard-write; encrypted-media; gyroscope; picture-in-picture; web-share\" referrerpolicy=\"strict-origin-when-cross-origin\" allowfullscreen><\/iframe>\n<\/div><\/figure>\n","protected":false},"excerpt":{"rendered":"<p>&#8222;S\u0142uga Bo\u017cy ma by\u0107 zawsze weso\u0142y i spokojny,bo wie, \u017ce nad nim opieka Boska.&#8221;(\u015bw. Brat Albert) Katechizm Katechizm Ko\u015bcio\u0142a Katolickiego o sakramencie \u015bwi\u0119ce\u0144 Warto zajrze\u0107&#8230;<\/p>\n<div class=\"more-link-wrapper\"><a class=\"more-link\" href=\"https:\/\/parafie.archidiecezja.lodz.pl\/swietyalbert\/sakramenty\/kaplanstwo\/\">Rozwi\u0144 ca\u0142\u0105 tre\u015b\u0107<span class=\"screen-reader-text\">Kap\u0142a\u0144stwo<\/span><\/a><\/div>\n","protected":false},"author":1,"featured_media":0,"parent":102,"menu_order":5,"comment_status":"closed","ping_status":"closed","template":"","meta":{"footnotes":""},"class_list":["post-132","page","type-page","status-publish","hentry","entry"],"_links":{"self":[{"href":"https:\/\/parafie.archidiecezja.lodz.pl\/swietyalbert\/wp-json\/wp\/v2\/pages\/132","targetHints":{"allow":["GET"]}}],"collection":[{"href":"https:\/\/parafie.archidiecezja.lodz.pl\/swietyalbert\/wp-json\/wp\/v2\/pages"}],"about":[{"href":"https:\/\/parafie.archidiecezja.lodz.pl\/swietyalbert\/wp-json\/wp\/v2\/types\/page"}],"author":[{"embeddable":true,"href":"https:\/\/parafie.archidiecezja.lodz.pl\/swietyalbert\/wp-json\/wp\/v2\/users\/1"}],"replies":[{"embeddable":true,"href":"https:\/\/parafie.archidiecezja.lodz.pl\/swietyalbert\/wp-json\/wp\/v2\/comments?post=132"}],"version-history":[{"count":0,"href":"https:\/\/parafie.archidiecezja.lodz.pl\/swietyalbert\/wp-json\/wp\/v2\/pages\/132\/revisions"}],"up":[{"embeddable":true,"href":"https:\/\/parafie.archidiecezja.lodz.pl\/swietyalbert\/wp-json\/wp\/v2\/pages\/102"}],"wp:attachment":[{"href":"https:\/\/parafie.archidiecezja.lodz.pl\/swietyalbert\/wp-json\/wp\/v2\/media?parent=132"}],"curies":[{"name":"wp","href":"https:\/\/api.w.org\/{rel}","templated":true}]}}