{"id":134,"date":"2023-09-05T17:28:55","date_gmt":"2023-09-05T15:28:55","guid":{"rendered":"http:\/\/127.0.0.1\/wordpress\/?page_id=134"},"modified":"2023-09-05T17:28:55","modified_gmt":"2023-09-05T15:28:55","slug":"malzenstwo","status":"publish","type":"page","link":"https:\/\/parafie.archidiecezja.lodz.pl\/swietyalbert\/sakramenty\/malzenstwo\/","title":{"rendered":"Ma\u0142\u017ce\u0144stwo"},"content":{"rendered":"\n<p><\/p>\n\n\n\n<blockquote class=\"wp-block-quote is-layout-flow wp-block-quote-is-layout-flow\">\n<p><em>Jezus powiedzia\u0142 do swoich uczni\u00f3w:<\/em><br><em>&#8222;Na pocz\u0105tku stworzenia B\u00f3g stworzy\u0142 ludzi jako m\u0119\u017cczyzn\u0119 i kobiet\u0119:<\/em><br><em>dlatego opu\u015bci cz\u0142owiek ojca swego i matk\u0119 i z\u0142\u0105czy si\u0119 ze swoj\u0105 \u017con\u0105,<\/em><br><em>i b\u0119d\u0105 oboje jednym cia\u0142em.<\/em><br><em>A tak ju\u017c nie s\u0105 dwoje, lecz jedno cia\u0142o.<\/em><br><em>Co wi\u0119c B\u00f3g z\u0142\u0105czy\u0142, tego cz\u0142owiek niech nie rozdziela&#8221;.<\/em><br><em>(Mk 10, 6-9)<\/em><\/p>\n<\/blockquote>\n\n\n\n<h2 class=\"wp-block-heading\"><strong>Informacje dla narzeczonych<\/strong><\/h2>\n\n\n\n<p>1. Miejscem zawarcia sakramentu ma\u0142\u017ce\u0144stwa jest parafia sta\u0142ego miejsca zamieszkania narzeczonej(go), gdzie dope\u0142nia si\u0119 formalno\u015bci przed\u015blubnych.<\/p>\n\n\n\n<p>2. W kancelarii parafialnej nale\u017cy przed\u0142o\u017cy\u0107:<\/p>\n\n\n\n<ul class=\"wp-block-list\">\n<li>metryk\u0119 chrztu \u015bw. z zaznaczeniem, \u017ce do \u015blubu ko\u015bcielnego (nie starsz\u0105 ni\u017c 3 miesi\u0105ce),<\/li>\n\n\n\n<li>dow\u00f3d osobisty,<\/li>\n\n\n\n<li>w przypadku ma\u0142\u017ce\u0144stwa konkordatowego: z wyprzedzeniem 3-miesi\u0119cznym dokumenty z Urz\u0119du Stanu Cywilnego (USC narzeczonej LUB narzeczonego),stwierdzaj\u0105ce stan wolny,<\/li>\n\n\n\n<li>\u015bwiadectwo uko\u0144czenia kursu przedma\u0142\u017ce\u0144skiego,<\/li>\n\n\n\n<li>ubiegaj\u0105cy si\u0119 o powt\u00f3rne zawarcie ma\u0142\u017ce\u0144stwa przynosz\u0105 akt zgonu wsp\u00f3\u0142ma\u0142\u017conka (wystawiony w parafii zgonu).<\/li>\n<\/ul>\n\n\n\n<p>3. Do kancelarii nale\u017cy zg\u0142osi\u0107 si\u0119 na 3 miesi\u0105ce przed planowanym \u015blubem. Okres ten obowi\u0105zuje wszystkich kandydat\u00f3w!<br>By dokona\u0107 rezerwacji terminu &#8211; nale\u017cy zg\u0142osi\u0107 si\u0119 na rok przed planowan\u0105 dat\u0105.<\/p>\n\n\n\n<p>4. Wiek do zawarcia ma\u0142\u017ce\u0144stwa \u2013 wymagana jest pe\u0142noletno\u015b\u0107 obojga narzeczonych.<\/p>\n\n\n\n<p>5. Przygotowanie do sakramentu ma\u0142\u017ce\u0144stwa: katechizacja z zakresu szko\u0142y podstawowej, gimnazjalnej i \u015bredniej, kurs przedma\u0142\u017ce\u0144ski, dla tych, kt\u00f3rzy nie uczestniczyli w katechezie obowi\u0105zuje przygotowanie religijne, dwukrotne zg\u0142oszenie si\u0119 w poradni \u017cycia ma\u0142\u017ce\u0144skiego przez oboje narzeczonych, odbycie dwukrotnej spowiedzi przed\u015blubnej: pierwsza w tygodniu wyg\u0142oszenia zapowiedzi, druga tu\u017c przed \u015blubem, przyst\u0105pienie do Komunii \u015bw. w dniu \u015blubu.<\/p>\n\n\n\n<p>6. \u015awiadkiem sakramentu ma\u0142\u017ce\u0144stwa mo\u017ce by\u0107: ka\u017cdy, kto jest osob\u0105 pe\u0142noletni\u0105 i u\u017cywaj\u0105c\u0105 rozumu.<\/p>\n\n\n\n<p>7. Nie ma \u015blub\u00f3w z przyj\u0119ciem weselnym: w Adwencie, w Wielkim Po\u015bcie, w pierwszy dzie\u0144 \u015bwi\u0105t Bo\u017cego Narodzenia i Wielkiej Nocy.<\/p>\n\n\n\n<p class=\"has-text-align-center\"><strong>Ja &#8230; (imi\u0119) bior\u0119 sobie Ciebie &#8230; (imi\u0119 Panny M\u0142odej\/Pana M\u0142odego) za \u017con\u0119\/m\u0119\u017ca<br>i \u015blubuj\u0119 Ci mi\u0142o\u015b\u0107, wierno\u015b\u0107 i uczciwo\u015b\u0107 ma\u0142\u017ce\u0144sk\u0105<br>oraz \u017ce Ci\u0119 nie opuszcz\u0119 a\u017c do \u015bmierci.<br>Tak mi dopom\u00f3\u017c Panie Bo\u017ce Wszechmog\u0105cy, w Tr\u00f3jcy Jedyny<br>i Wszyscy \u015awi\u0119ci.<\/strong><\/p>\n\n\n\n<p>Informujemy, \u017ce parafialny zesp\u00f3\u0142 muzyczny &#8222;Prawomocni&#8221; mo\u017ce przygotowa\u0107 opraw\u0119 muzyczn\u0105 \u015blubu lub mszy z okazji innych uroczysto\u015bci rodzinnych, rocznic, urodzin, jubileuszy. Zainteresowanych prosimy o kontakt po niedzielnej mszy wieczornej lub mailowo zespolprawomocni@gmail.com <\/p>\n\n\n\n<hr class=\"wp-block-separator has-alpha-channel-opacity\"\/>\n\n\n\n<figure class=\"wp-block-pullquote\"><blockquote><p><em>&#8222;Ma\u0142\u017ce\u0144stwo to te\u017c zakon bardzo \u015bwi\u0119ty<\/em><br><em>i ma ca\u0142y szereg \u015bwi\u0119tych obowi\u0105zk\u00f3w,<\/em><br><em>wystarcza, \u017ceby cz\u0142owieka dobrej woli do nieba zaprowadzi\u0107&#8221;<\/em><br><em>(\u015bw. Albert Chmielowski)<\/em><\/p><\/blockquote><\/figure>\n\n\n\n<hr class=\"wp-block-separator has-alpha-channel-opacity\"\/>\n\n\n\n<h2 class=\"wp-block-heading\"><strong>Katechizm<\/strong><\/h2>\n\n\n\n<p><a href=\"http:\/\/www.katechizm.opoka.org.pl\/kkkII-2-3.htm#o11kkkII-2-3\">Katechizm Ko\u015bcio\u0142a Katolickiego o sakramencie ma\u0142\u017ce\u0144stwa.<\/a><\/p>\n\n\n\n<hr class=\"wp-block-separator has-alpha-channel-opacity\"\/>\n\n\n\n<h2 class=\"wp-block-heading\"><strong>Warto zajrze\u0107<\/strong><\/h2>\n\n\n\n<p><a href=\"http:\/\/biblijni.pl\/czytania_slubne\/\">Czytania \u015blubne<\/a><br><a href=\"https:\/\/www.zwola-old.karmelicibosi.pl\/p\/z\/formacja\/milosc_i_odpowiedzialnosc.pdf\">&#8222;Mi\u0142o\u015b\u0107 i odpowiedzialno\u015b\u0107&#8221; (Karol Wojty\u0142a)<\/a><br><a href=\"http:\/\/abrahamisara.pl\/\">Portal dla ma\u0142\u017ce\u0144stw bezp\u0142odnych<\/a><br><a href=\"http:\/\/archidiecezja.lodz.pl\/new\/?news_id=28f8d8e2c53a15d73668fd8b5c73504a\">&#8222;Ma\u0142\u017ce\u0144stwo na 5!&#8221;<\/a><br><a href=\"https:\/\/www.radiomaryja.pl\/multimedia\/audio\/audycje_dla_malzonkow_i_rodzicow\/\">&#8222;Audycje dla ma\u0142\u017conk\u00f3w i rodzic\u00f3w&#8221;<\/a><br><a href=\"http:\/\/www.katolik.pl\/na-czym-budowac---od-marzen-do-milosci,22534,416,cz.html\">&#8222;Na czym budowa\u0107 \u2013 od marze\u0144 do mi\u0142o\u015bci&#8221; ks. Marek Dziewiecki<\/a><br><a href=\"http:\/\/www.katolik.pl\/milosc-a-malzenstwo,1648,416,news.html\">&#8222;Mi\u0142o\u015b\u0107 a ma\u0142\u017ce\u0144stwo&#8221; ks. Marek Dziewiecki<\/a><br><a href=\"http:\/\/www.katolik.pl\/zjednoczeni-w-milosci,22640,416,cz.html\">&#8222;Zjednoczeni w mi\u0142o\u015bci&#8221; Anna Borkowska<\/a><br><a href=\"http:\/\/www.katolik.pl\/na-dobre-i-na-zle,658,416,news.html\">&#8222;Na dobre i na z\u0142e&#8221; rozmowa z Barbar\u0105 Smoli\u0144sk\u0105<\/a><br><a href=\"http:\/\/prasa.wiara.pl\/doc\/1078919.Choinka-w-malzenskiej-sypialni\">&#8222;Choinka w ma\u0142\u017ce\u0144skiej sypialni&#8221; (o naturalnych metodach planowania rodziny)<\/a><br><a href=\"http:\/\/www.deon.pl\/religia\/w-relacji\/rodzina\/art,63,tesknota-za-pelnia.html\">&#8222;T\u0119sknota za pe\u0142ni\u0105&#8221;<\/a><br><a href=\"http:\/\/kosciol.wiara.pl\/doc\/2035316.Malzenstwo-do-pionu\/\">&#8222;Ma\u0142\u017ce\u0144stwo do pionu&#8221;<\/a><br><a href=\"http:\/\/gosc.pl\/doc\/1095822.Chcesz-sie-pobrac-Doloz-staran\">&#8222;Chcesz si\u0119 pobra\u0107? Do\u0142\u00f3\u017c stara\u0144!&#8221;<\/a><br><a href=\"http:\/\/prasa.wiara.pl\/doc\/1090913.Decydujac-sie-na-malzenstwo\">&#8222;Decyduj\u0105c si\u0119 na ma\u0142\u017ce\u0144stwo&#8221; B\u0142a\u017cej Tobolski<\/a><br><a href=\"http:\/\/rodzina.wiara.pl\/doc\/1097279.Oraz-ze-Cie-nie-opuszcze\">&#8222;Oraz \u017ce Ci\u0119 nie opuszcz\u0119\u2026&#8221; Monika \u0141\u0105cka (o Wsp\u00f3lnocie Trudnych Ma\u0142\u017ce\u0144stw i ratowaniu ma\u0142\u017ce\u0144stwa)<\/a><br><a href=\"http:\/\/gosc.pl\/doc\/1133682.Znani-aktorzy-Tylko-dla-siebie\">&#8222;Znani aktorzy: Tylko dla siebie&#8221; (o ratowaniu ma\u0142\u017ce\u0144stwa)<\/a><br><a href=\"http:\/\/sychar.org\/\">Wsp\u00f3lnota Trudnych Ma\u0142\u017ce\u0144stw &#8211; Sychar<\/a><br><a href=\"http:\/\/www.deon.pl\/religia\/wiara-i-spoleczenstwo\/art,638,malzenstwo-w-kryzysie.html\">&#8222;Ma\u0142\u017ce\u0144stwo w kryzysie&#8221; (ks. Marek Dziewiecki)<\/a><br><a href=\"http:\/\/www.katolik.pl\/laska-sakramentu-po-rozwodzie-,22332,416,news.html\">&#8222;\u0141aska sakramentu po rozwodzie&#8221; (O. Jacek Salij OP)<\/a><br><a href=\"http:\/\/www.spotkaniamalzenskie-lodz.pl\/\">Spotkania Ma\u0142\u017ce\u0144skie (m.in. propozycje rekolekcji dla ma\u0142\u017conk\u00f3w i narzeczonych)<\/a><br><a href=\"http:\/\/www.katolik.pl\/przepis-na-rodzine,23159,416,cz.html\">&#8222;Przepis na rodzin\u0119&#8221; (Ewelina G\u0142adysz)<\/a><br><a href=\"https:\/\/deon.pl\/inteligentne-zycie\/ona-i-on\/nie-bojcie-sie-dacie-rade,215529\">&#8222;Nie b\u00f3jcie si\u0119, dacie rad\u0119&#8221; (Karolina Mazurkiewicz i Micha\u0142 Wn\u0119k)<\/a><br><a href=\"https:\/\/stacja7.pl\/wiara\/biore-sobie-ciebie\/\">&#8222;Bior\u0119 sobie Ciebie&#8221; (Dawid Gospodarek)<\/a><br><a href=\"https:\/\/stacja7.pl\/malzenstwo\/malzenstwo-z-dymem\/\">&#8222;Ma\u0142\u017ce\u0144stwo z dymem&#8221; (Marcin Jakimowicz)<\/a><br><a href=\"https:\/\/stacja7.pl\/rozmowy\/zona-to-najlepsza-przygoda-jaka-istnieje-na-swiecie\/\">&#8222;\u017bona to najlepsza przygoda, jaka istnieje na \u015bwiecie&#8221; (Tomasz Budzy\u0144ski, Judyta Syrek)<\/a><br><a href=\"https:\/\/stacja7.pl\/biblia\/izaak-i-rebeka-love-story\/\">&#8222;Izaak i Rebeka. Dwa r\u00f3\u017cne \u015bwiaty, kt\u00f3re B\u00f3g po\u0142\u0105czy\u0142 w ca\u0142o\u015b\u0107&#8221;&#8221; (ks. dr Marcin Kowalski)<\/a><br><a href=\"http:\/\/www.radiomaryja.pl\/kosciol\/homilia-papieza-franciszka-wygloszona-w-swieto-podwyzszenia-krzyza-sw\/\">Homilia Papie\u017ca Franciszka wyg\u0142oszona w \u015awi\u0119to Podwy\u017cszenia Krzy\u017ca \u015aw. (14.09.2014 r.):<\/a><br><a href=\"https:\/\/youtu.be\/xaQPMSprFhM?list=PL2D092976B3AA4632\">Kryzys ma\u0142\u017ce\u0144ski: Czy istnieje szansa na pojednanie?&#8221; (cykl 6 film\u00f3w)<\/a><br><a href=\"https:\/\/youtu.be\/z0EzOVrbXmU?list=PLVdrvbY9AVQqnWy4b-20yriaMhHDroJO_\">&#8222;Pachnid\u0142a&#8221;<\/a><br><a href=\"https:\/\/przedmalzenskie.pl\">Kursy przedma\u0142\u017ce\u0144skie u dominikan\u00f3w<\/a><br><a href=\"https:\/\/wezel.salezjanie.pl\/malzenstwo\/\">Kursy przedma\u0142\u017ce\u0144skie u salezjan\u00f3w<\/a><br><a href=\"https:\/\/lodz.jezuici.pl\/kursy-i-porady\/przedmalzenskie\">Kursy przedma\u0142\u017ce\u0144skie u jezuit\u00f3w<\/a><br><a href=\"http:\/\/www.youtube.com\/watch?v=yvyFyYoUf6E&amp;list=PLXVsguxeflobJWM5uMDfQqxufL4j_nAk3&amp;feature=share&amp;index=11\">&#8222;Siedem jak Sakramenty&#8221;<\/a><\/p>\n\n\n\n<p><br><a href=\"http:\/\/img1.demotywatoryfb.pl\/uploads\/201204\/1333297047_by_Eenjoyy.jpg\"><\/a><\/p>\n\n\n\n<figure class=\"wp-block-embed is-type-video is-provider-youtube wp-block-embed-youtube wp-embed-aspect-16-9 wp-has-aspect-ratio\"><div class=\"wp-block-embed__wrapper\">\n<iframe loading=\"lazy\" title=\"Siedem jak Sakramenty: Ma\u0142\u017ce\u0144stwo\" width=\"500\" height=\"281\" src=\"https:\/\/www.youtube.com\/embed\/yvyFyYoUf6E?feature=oembed\" frameborder=\"0\" allow=\"accelerometer; autoplay; clipboard-write; encrypted-media; gyroscope; picture-in-picture; web-share\" referrerpolicy=\"strict-origin-when-cross-origin\" allowfullscreen><\/iframe>\n<\/div><\/figure>\n","protected":false},"excerpt":{"rendered":"<p>Jezus powiedzia\u0142 do swoich uczni\u00f3w:&#8222;Na pocz\u0105tku stworzenia B\u00f3g stworzy\u0142 ludzi jako m\u0119\u017cczyzn\u0119 i kobiet\u0119:dlatego opu\u015bci cz\u0142owiek ojca swego i matk\u0119 i z\u0142\u0105czy si\u0119 ze swoj\u0105&#8230;<\/p>\n<div class=\"more-link-wrapper\"><a class=\"more-link\" href=\"https:\/\/parafie.archidiecezja.lodz.pl\/swietyalbert\/sakramenty\/malzenstwo\/\">Rozwi\u0144 ca\u0142\u0105 tre\u015b\u0107<span class=\"screen-reader-text\">Ma\u0142\u017ce\u0144stwo<\/span><\/a><\/div>\n","protected":false},"author":1,"featured_media":0,"parent":102,"menu_order":6,"comment_status":"closed","ping_status":"closed","template":"","meta":{"footnotes":""},"class_list":["post-134","page","type-page","status-publish","hentry","entry"],"_links":{"self":[{"href":"https:\/\/parafie.archidiecezja.lodz.pl\/swietyalbert\/wp-json\/wp\/v2\/pages\/134","targetHints":{"allow":["GET"]}}],"collection":[{"href":"https:\/\/parafie.archidiecezja.lodz.pl\/swietyalbert\/wp-json\/wp\/v2\/pages"}],"about":[{"href":"https:\/\/parafie.archidiecezja.lodz.pl\/swietyalbert\/wp-json\/wp\/v2\/types\/page"}],"author":[{"embeddable":true,"href":"https:\/\/parafie.archidiecezja.lodz.pl\/swietyalbert\/wp-json\/wp\/v2\/users\/1"}],"replies":[{"embeddable":true,"href":"https:\/\/parafie.archidiecezja.lodz.pl\/swietyalbert\/wp-json\/wp\/v2\/comments?post=134"}],"version-history":[{"count":0,"href":"https:\/\/parafie.archidiecezja.lodz.pl\/swietyalbert\/wp-json\/wp\/v2\/pages\/134\/revisions"}],"up":[{"embeddable":true,"href":"https:\/\/parafie.archidiecezja.lodz.pl\/swietyalbert\/wp-json\/wp\/v2\/pages\/102"}],"wp:attachment":[{"href":"https:\/\/parafie.archidiecezja.lodz.pl\/swietyalbert\/wp-json\/wp\/v2\/media?parent=134"}],"curies":[{"name":"wp","href":"https:\/\/api.w.org\/{rel}","templated":true}]}}