{"id":159,"date":"2023-09-05T19:07:38","date_gmt":"2023-09-05T17:07:38","guid":{"rendered":"http:\/\/127.0.0.1\/wordpress\/?page_id=159"},"modified":"2024-12-03T21:10:02","modified_gmt":"2024-12-03T20:10:02","slug":"grupy-i-wspolnoty","status":"publish","type":"page","link":"https:\/\/parafie.archidiecezja.lodz.pl\/swietyalbert\/grupy-i-wspolnoty\/","title":{"rendered":"Grupy i wsp\u00f3lnoty"},"content":{"rendered":"\n<p>Prosimy cz\u0142onk\u00f3w wsp\u00f3lnot o przesy\u0142anie mailowe informacji, jakie chcieliby, by by\u0142y zawarte na stronie. <\/p>\n","protected":false},"excerpt":{"rendered":"<p>Prosimy cz\u0142onk\u00f3w wsp\u00f3lnot o przesy\u0142anie mailowe informacji, jakie chcieliby, by by\u0142y zawarte na stronie.<\/p>\n","protected":false},"author":1,"featured_media":0,"parent":0,"menu_order":8,"comment_status":"closed","ping_status":"closed","template":"","meta":{"footnotes":""},"class_list":["post-159","page","type-page","status-publish","hentry","entry"],"_links":{"self":[{"href":"https:\/\/parafie.archidiecezja.lodz.pl\/swietyalbert\/wp-json\/wp\/v2\/pages\/159","targetHints":{"allow":["GET"]}}],"collection":[{"href":"https:\/\/parafie.archidiecezja.lodz.pl\/swietyalbert\/wp-json\/wp\/v2\/pages"}],"about":[{"href":"https:\/\/parafie.archidiecezja.lodz.pl\/swietyalbert\/wp-json\/wp\/v2\/types\/page"}],"author":[{"embeddable":true,"href":"https:\/\/parafie.archidiecezja.lodz.pl\/swietyalbert\/wp-json\/wp\/v2\/users\/1"}],"replies":[{"embeddable":true,"href":"https:\/\/parafie.archidiecezja.lodz.pl\/swietyalbert\/wp-json\/wp\/v2\/comments?post=159"}],"version-history":[{"count":2,"href":"https:\/\/parafie.archidiecezja.lodz.pl\/swietyalbert\/wp-json\/wp\/v2\/pages\/159\/revisions"}],"predecessor-version":[{"id":2316,"href":"https:\/\/parafie.archidiecezja.lodz.pl\/swietyalbert\/wp-json\/wp\/v2\/pages\/159\/revisions\/2316"}],"wp:attachment":[{"href":"https:\/\/parafie.archidiecezja.lodz.pl\/swietyalbert\/wp-json\/wp\/v2\/media?parent=159"}],"curies":[{"name":"wp","href":"https:\/\/api.w.org\/{rel}","templated":true}]}}