{"id":19,"date":"2023-09-05T12:23:09","date_gmt":"2023-09-05T10:23:09","guid":{"rendered":"http:\/\/127.0.0.1\/wordpress\/?page_id=19"},"modified":"2025-10-24T16:32:49","modified_gmt":"2025-10-24T14:32:49","slug":"przedszkole","status":"publish","type":"page","link":"https:\/\/parafie.archidiecezja.lodz.pl\/swietyalbert\/przedszkole\/","title":{"rendered":"Przedszkole"},"content":{"rendered":"\n<p><strong>Na terenie parafialnym od wrze\u015bnia 2025 roku wznawia dzia\u0142alno\u015b\u0107 Przedszkole &#8222;Albercik&#8221;.<\/strong> <\/p>\n\n\n\n<p>Pociechy b\u0119d\u0105 mia\u0142y do dyspozycji salki wype\u0142nione r\u00f3\u017cnorakimi pomocami dydaktycznymi. Salki zosta\u0142y odrestaurowane. Jest przytulnie i kolorowo. <\/p>\n\n\n\n<p>Strona Przedszkola: <a href=\"https:\/\/przedszkolealbercik.pl\"><strong>https:\/\/przedszkolealbercik.pl<\/strong><\/a><\/p>\n\n\n\n<p>Przedszkole na Facebooku: <a href=\"https:\/\/www.facebook.com\/profile.php?id=61575110987049\"><strong>https:\/\/www.facebook.com\/profile.php?id=61575110987049<\/strong><\/a> <\/p>\n\n\n\n<p><strong>Adres<\/strong>: ul. \u015bw. Brata A. Chmielowskiego 7B, \u0141\u00f3d\u017a<\/p>\n\n\n\n<figure class=\"wp-block-image size-large\"><img loading=\"lazy\" decoding=\"async\" width=\"1024\" height=\"512\" src=\"https:\/\/parafie.archidiecezja.lodz.pl\/swietyalbert\/wp-content\/uploads\/2025\/05\/przedszkole-albercik-2025-1024x512.jpg\" alt=\"\" class=\"wp-image-2574\" srcset=\"https:\/\/parafie.archidiecezja.lodz.pl\/swietyalbert\/wp-content\/uploads\/2025\/05\/przedszkole-albercik-2025-1024x512.jpg 1024w, https:\/\/parafie.archidiecezja.lodz.pl\/swietyalbert\/wp-content\/uploads\/2025\/05\/przedszkole-albercik-2025-300x150.jpg 300w, https:\/\/parafie.archidiecezja.lodz.pl\/swietyalbert\/wp-content\/uploads\/2025\/05\/przedszkole-albercik-2025-768x384.jpg 768w, https:\/\/parafie.archidiecezja.lodz.pl\/swietyalbert\/wp-content\/uploads\/2025\/05\/przedszkole-albercik-2025.jpg 1280w\" sizes=\"auto, (max-width: 1024px) 100vw, 1024px\" \/><\/figure>\n\n\n\n<hr class=\"wp-block-separator has-alpha-channel-opacity\"\/>\n\n\n\n<h2 class=\"wp-block-heading\">Wpisy na stronie o Przedszkolu:<\/h2>\n\n\n<ul class=\"wp-block-latest-posts__list wp-block-latest-posts\"><li><a class=\"wp-block-latest-posts__post-title\" href=\"https:\/\/parafie.archidiecezja.lodz.pl\/swietyalbert\/pasowanie-na-przedszkolaka-23-10-2025\/\">Pasowanie na Przedszkolaka (23.10.2025)<\/a><\/li>\n<li><a class=\"wp-block-latest-posts__post-title\" href=\"https:\/\/parafie.archidiecezja.lodz.pl\/swietyalbert\/przedszkole-albercik-reaktywacja\/\">Przedszkole Albercik &#8211; reaktywacja<\/a><\/li>\n<li><a class=\"wp-block-latest-posts__post-title\" href=\"https:\/\/parafie.archidiecezja.lodz.pl\/swietyalbert\/przedszkole-albercik-nowe-otwarcie\/\">Przedszkole Albercik &#8211; nowe otwarcie<\/a><\/li>\n<\/ul>\n\n\n<p> <\/p>\n\n\n\n<hr class=\"wp-block-separator has-alpha-channel-opacity\"\/>\n\n\n\n<p><\/p>\n\n\n\n<h2 class=\"wp-block-heading\"><mark style=\"background-color:rgba(0, 0, 0, 0)\" class=\"has-inline-color has-cyan-bluish-gray-color\"><strong>Historia pierwszej ods\u0142ony Przedszkola<\/strong> (archiwum)<\/mark><\/h2>\n\n\n\n<p><mark style=\"background-color:rgba(0, 0, 0, 0)\" class=\"has-inline-color has-cyan-bluish-gray-color\">Przedszkole utworzone zosta\u0142o w 2011 roku, na pocz\u0105tku jego prowadzeniem zajmowa\u0142y si\u0119 Siostry Antonianki.<\/mark><\/p>\n\n\n\n<p><mark style=\"background-color:rgba(0, 0, 0, 0)\" class=\"has-inline-color has-cyan-bluish-gray-color\">Zdj\u0119cia budynku Przedszkola na pocz\u0105tku jego istnienia: <a href=\"https:\/\/photos.app.goo.gl\/4M3V7zn271iCxiia6 \">https:\/\/photos.app.goo.gl\/4M3V7zn271iCxiia6 <\/a><\/mark><\/p>\n\n\n\n<p><mark style=\"background-color:rgba(0, 0, 0, 0)\" class=\"has-inline-color has-cyan-bluish-gray-color\">Zdj\u0119cia z \u017cycia pierwszych rocznik\u00f3w Przedszkolak\u00f3w: <a href=\"https:\/\/photos.app.goo.gl\/Zv33v38VccKoJ6R48\">https:\/\/photos.app.goo.gl\/Zv33v38VccKoJ6R48<\/a><\/mark><\/p>\n\n\n\n<p><mark style=\"background-color:rgba(0, 0, 0, 0)\" class=\"has-inline-color has-cyan-bluish-gray-color\">Dawny fanpage Przedszkola: <br><a href=\"https:\/\/www.facebook.com\/p\/Przedszkole-Albercik-100054640471224\/\">https:\/\/www.facebook.com\/p\/Przedszkole-Albercik-100054640471224\/<\/a><\/mark><\/p>\n\n\n\n<p><mark style=\"background-color:rgba(0, 0, 0, 0)\" class=\"has-inline-color has-cyan-bluish-gray-color\">Po\u015bwi\u0119cenie Przedszkola (od 28. minuty):<\/mark><br><a href=\"https:\/\/youtu.be\/RB-hqa1J1rk\">https:\/\/youtu.be\/RB-hqa1J1rk<\/a><\/p>\n\n\n\n<p><mark style=\"background-color:rgba(0, 0, 0, 0)\" class=\"has-inline-color has-cyan-bluish-gray-color\">Przedszkolaki \u015bpiewaj\u0105 Arcybiskupowi:<br><a href=\"https:\/\/youtu.be\/E1qtMuUT3hU\">https:\/\/youtu.be\/E1qtMuUT3hU<\/a><br><\/mark><\/p>\n\n\n\n<p><\/p>\n","protected":false},"excerpt":{"rendered":"<p>Na terenie parafialnym od wrze\u015bnia 2025 roku wznawia dzia\u0142alno\u015b\u0107 Przedszkole &#8222;Albercik&#8221;. Pociechy b\u0119d\u0105 mia\u0142y do dyspozycji salki wype\u0142nione r\u00f3\u017cnorakimi pomocami dydaktycznymi. Salki zosta\u0142y odrestaurowane. Jest&#8230;<\/p>\n<div class=\"more-link-wrapper\"><a class=\"more-link\" href=\"https:\/\/parafie.archidiecezja.lodz.pl\/swietyalbert\/przedszkole\/\">Rozwi\u0144 ca\u0142\u0105 tre\u015b\u0107<span class=\"screen-reader-text\">Przedszkole<\/span><\/a><\/div>\n","protected":false},"author":1,"featured_media":0,"parent":0,"menu_order":7,"comment_status":"closed","ping_status":"closed","template":"","meta":{"footnotes":""},"class_list":["post-19","page","type-page","status-publish","hentry","entry"],"_links":{"self":[{"href":"https:\/\/parafie.archidiecezja.lodz.pl\/swietyalbert\/wp-json\/wp\/v2\/pages\/19","targetHints":{"allow":["GET"]}}],"collection":[{"href":"https:\/\/parafie.archidiecezja.lodz.pl\/swietyalbert\/wp-json\/wp\/v2\/pages"}],"about":[{"href":"https:\/\/parafie.archidiecezja.lodz.pl\/swietyalbert\/wp-json\/wp\/v2\/types\/page"}],"author":[{"embeddable":true,"href":"https:\/\/parafie.archidiecezja.lodz.pl\/swietyalbert\/wp-json\/wp\/v2\/users\/1"}],"replies":[{"embeddable":true,"href":"https:\/\/parafie.archidiecezja.lodz.pl\/swietyalbert\/wp-json\/wp\/v2\/comments?post=19"}],"version-history":[{"count":10,"href":"https:\/\/parafie.archidiecezja.lodz.pl\/swietyalbert\/wp-json\/wp\/v2\/pages\/19\/revisions"}],"predecessor-version":[{"id":2840,"href":"https:\/\/parafie.archidiecezja.lodz.pl\/swietyalbert\/wp-json\/wp\/v2\/pages\/19\/revisions\/2840"}],"wp:attachment":[{"href":"https:\/\/parafie.archidiecezja.lodz.pl\/swietyalbert\/wp-json\/wp\/v2\/media?parent=19"}],"curies":[{"name":"wp","href":"https:\/\/api.w.org\/{rel}","templated":true}]}}