{"id":25,"date":"2023-09-05T12:35:17","date_gmt":"2023-09-05T10:35:17","guid":{"rendered":"http:\/\/127.0.0.1\/wordpress\/?page_id=25"},"modified":"2024-10-12T09:49:38","modified_gmt":"2024-10-12T07:49:38","slug":"msze-i-nabozenstwa","status":"publish","type":"page","link":"https:\/\/parafie.archidiecezja.lodz.pl\/swietyalbert\/msze-i-nabozenstwa\/","title":{"rendered":"Msze i nabo\u017ce\u0144stwa"},"content":{"rendered":"\n<p><\/p>\n\n\n\n<h2 class=\"wp-block-heading\"><strong>Msze \u015bwi\u0119te w niedziele i \u015bwi\u0119ta nakazane:<\/strong><\/h2>\n\n\n\n<p><em>7:00 &#8211; wypominki<br><\/em><strong>7:30<br>9:00<br>10:30\u00a0<\/strong>&#8211; ze szczeg\u00f3lnym udzia\u0142em dzieci<br><strong>12:00\u00a0<\/strong>&#8211; suma<br><strong>13:15\u00a0<\/strong>&#8211; z chrztami (w wakacje nie ma mszy o 13:15)<br><em>18:00 &#8211; nabo\u017ce\u0144stwo (17:45 w Wielkim Po\u015bcie)<\/em><br><strong>18:30<\/strong>\u00a0&#8211; ze szczeg\u00f3lnym udzia\u0142em m\u0142odzie\u017cy<br><em><br>\u00a0<\/em><br><strong>9:00<\/strong>\u00a0&#8211; poza wakacjami oraz poza okresem zimowym (po 1 listopada do Niedzieli Mi\u0142osierdzia Bo\u017cego) msza \u015bwi\u0119ta\u00a0<strong>na cmentarzu<\/strong>\u00a0ul. Lodowa 78 (Zarzew)<br>\u00a0<\/p>\n\n\n\n<p><strong>Obowi\u0105zek uczestnictwa w mszy \u015bwi\u0119tej dotyczy dni:<\/strong><\/p>\n\n\n\n<ul class=\"wp-block-list\">\n<li>Wszystkie niedziele;<\/li>\n\n\n\n<li>\u015awi\u0119tej Bo\u017cej Rodzicielki Maryi &#8211; Nowy Rok (1 stycznia);<\/li>\n\n\n\n<li>Objawienie Pa\u0144skie &#8211; &#8222;Trzech Kr\u00f3li&#8221; (6 stycznia);<\/li>\n\n\n\n<li>Niedziela Zmartwychwstania Pa\u0144skiego (Wielkanoc &#8211; data ruchoma);<\/li>\n\n\n\n<li>Niedziela Wniebowst\u0105pienia Pa\u0144skiego (data ruchoma &#8211; niedziela nast\u0119puj\u0105ca po 40 dniach od Wielkanocy);<\/li>\n\n\n\n<li>Niedziela Zes\u0142ania Ducha \u015awi\u0119tego (data ruchoma &#8211; niedziela 50 dni po Wielkanocy);<\/li>\n\n\n\n<li>Naj\u015bwi\u0119tszego Cia\u0142a i Krwi Chrystusa &#8211; &#8222;Bo\u017ce Cia\u0142o&#8221; (data ruchoma &#8211; czwartek po uroczysto\u015bci Tr\u00f3jcy Przenaj\u015bwi\u0119tszej);<\/li>\n\n\n\n<li>Wniebowzi\u0119cie Naj\u015bwi\u0119tszej Maryi Panny &#8211; Matki Bo\u017cej Zielnej (15 sierpnia);<\/li>\n\n\n\n<li>Wszystkich \u015awi\u0119tych (1 listopada);<\/li>\n\n\n\n<li>Narodzenie Pa\u0144skie (25 grudnia).<\/li>\n<\/ul>\n\n\n\n<p><br><em>W ka\u017cd\u0105 pierwsz\u0105 niedziel\u0119 miesi\u0105ca, o godz. 12.00 jedn\u0105 z intencji Mszy \u015awi\u0119tej jest intencja o dobrego m\u0119\u017ca i \u017con\u0119.<\/em><\/p>\n\n\n\n<hr class=\"wp-block-separator has-alpha-channel-opacity\"\/>\n\n\n\n<h2 class=\"wp-block-heading\"><strong>Msze \u015bwi\u0119te w pozosta\u0142e \u015bwi\u0119ta:<\/strong><\/h2>\n\n\n\n<p>je\u015bli wypadaj\u0105 w dzie\u0144 inny, ni\u017c niedziela:&nbsp;<strong>7:00, 9:00, 17:00, 18:00<\/strong><\/p>\n\n\n\n<p><strong><br><\/strong><\/p>\n\n\n\n<hr class=\"wp-block-separator has-alpha-channel-opacity\"\/>\n\n\n\n<h2 class=\"wp-block-heading\"><strong>Msze \u015bwi\u0119te w dni powszednie:<\/strong><\/h2>\n\n\n\n<p><strong>7:00, 7:30, 17:00, 18:00,<\/strong><br>oraz od wrze\u015bnia do czerwca w pierwsze \u015brody miesi\u0105ca&nbsp;<strong>19:00<\/strong>,<\/p>\n\n\n\n<p>W wakacje: <strong>7:00, 18:00<\/strong><br><br>W Adwencie (grudzie\u0144):&nbsp;<strong>6:45 (roraty), 7:30, 17:00, 18:00<br><\/strong><br><em>W ka\u017cdy ostatni pi\u0105tek miesi\u0105ca, o godz. 18.00, b\u0119dzie odprawiana Msza \u015awi\u0119ta \u017ca\u0142obna za zmar\u0142ych, kt\u00f3rzy odeszli z naszej wsp\u00f3lnoty parafialnej w minionym miesi\u0105cu.<\/em><\/p>\n\n\n\n<hr class=\"wp-block-separator has-alpha-channel-opacity\"\/>\n\n\n\n<h2 class=\"wp-block-heading\"><strong>Nabo\u017ce\u0144stwa:<\/strong><\/h2>\n\n\n\n<ul class=\"wp-block-list\">\n<li><strong>Jutrznia<br><\/strong>ka\u017cdy czwartek 6:40<br> <br> <\/li>\n\n\n\n<li><strong>Adoracja Naj\u015bwi\u0119tszego Sakramentu<br><\/strong>codziennie od ostatniej porannej mszy do pierwszej mszy wieczornej<br>dodatkowo w ka\u017cdy czwartek do 20:00<br>oraz w pierwsze pi\u0105tki miesi\u0105ca do 20:00<br> <br> <\/li>\n\n\n\n<li><strong>Nabo\u017ce\u0144stwo wynagradzaj\u0105ce Niepokalanemu Sercu NMP<br><\/strong>pierwsze soboty miesi\u0105ca: 16:30 r\u00f3\u017caniec,<br>17:00 Msza \u015awi\u0119ta o Niepokalanym Sercu Maryi,<br>po mszy kwadrans rozwa\u017ca\u0144 o tajemnicach r\u00f3\u017ca\u0144cowych.<br> <br><\/li>\n\n\n\n<li><strong>wypominki za zmar\u0142ych<\/strong><br>niedziela 7:00<br> <br><\/li>\n\n\n\n<li><strong>nabo\u017ce\u0144stwa majowe, czerwcowe, pa\u017adziernikowe<\/strong><br>dni powszednie oko\u0142o 17:30 (po mszy odprawianej o 17:00)<br>niedziela 18:00<br> <br><\/li>\n\n\n\n<li><strong>Droga krzy\u017cowa&nbsp;<\/strong>(pi\u0105tki Wielkiego Postu)<br>dzieci 16:30<br>doro\u015bli 17:30<br>m\u0142odzie\u017c i studenci 19:00<br> <br><\/li>\n\n\n\n<li><strong>Gorzkie \u017cale<\/strong><br>niedziele Wielkiego Postu 17:45<br> <br><\/li>\n\n\n\n<li><strong>nowenny<\/strong>:<br>do \u015bw. J\u00f3zefa &#8211; wtorek po mszy odprawianej o 17:00<br>do MB Nieustaj\u0105cej pomocy &#8211; \u015broda po mszy odprawianej o 17:00<br>do \u015bw. Alberta &#8211; czwartek oko\u0142o 18:30 (na rozpocz\u0119cie adoracji Naj\u015bwi\u0119tszego Sakramentu)<br> <br><\/li>\n\n\n\n<li><strong>Koronka do Mi\u0142osierdzia Bo\u017cego<\/strong><br>pi\u0105tek, po mszy odprawianej o godzinie 18:00<\/li>\n<\/ul>\n","protected":false},"excerpt":{"rendered":"<p>Msze \u015bwi\u0119te w niedziele i \u015bwi\u0119ta nakazane: 7:00 &#8211; wypominki7:309:0010:30\u00a0&#8211; ze szczeg\u00f3lnym udzia\u0142em dzieci12:00\u00a0&#8211; suma13:15\u00a0&#8211; z chrztami (w wakacje nie ma mszy o 13:15)18:00 &#8211;&#8230;<\/p>\n<div class=\"more-link-wrapper\"><a class=\"more-link\" href=\"https:\/\/parafie.archidiecezja.lodz.pl\/swietyalbert\/msze-i-nabozenstwa\/\">Rozwi\u0144 ca\u0142\u0105 tre\u015b\u0107<span class=\"screen-reader-text\">Msze i nabo\u017ce\u0144stwa<\/span><\/a><\/div>\n","protected":false},"author":1,"featured_media":0,"parent":0,"menu_order":1,"comment_status":"closed","ping_status":"closed","template":"","meta":{"footnotes":""},"class_list":["post-25","page","type-page","status-publish","hentry","entry"],"_links":{"self":[{"href":"https:\/\/parafie.archidiecezja.lodz.pl\/swietyalbert\/wp-json\/wp\/v2\/pages\/25","targetHints":{"allow":["GET"]}}],"collection":[{"href":"https:\/\/parafie.archidiecezja.lodz.pl\/swietyalbert\/wp-json\/wp\/v2\/pages"}],"about":[{"href":"https:\/\/parafie.archidiecezja.lodz.pl\/swietyalbert\/wp-json\/wp\/v2\/types\/page"}],"author":[{"embeddable":true,"href":"https:\/\/parafie.archidiecezja.lodz.pl\/swietyalbert\/wp-json\/wp\/v2\/users\/1"}],"replies":[{"embeddable":true,"href":"https:\/\/parafie.archidiecezja.lodz.pl\/swietyalbert\/wp-json\/wp\/v2\/comments?post=25"}],"version-history":[{"count":6,"href":"https:\/\/parafie.archidiecezja.lodz.pl\/swietyalbert\/wp-json\/wp\/v2\/pages\/25\/revisions"}],"predecessor-version":[{"id":1687,"href":"https:\/\/parafie.archidiecezja.lodz.pl\/swietyalbert\/wp-json\/wp\/v2\/pages\/25\/revisions\/1687"}],"wp:attachment":[{"href":"https:\/\/parafie.archidiecezja.lodz.pl\/swietyalbert\/wp-json\/wp\/v2\/media?parent=25"}],"curies":[{"name":"wp","href":"https:\/\/api.w.org\/{rel}","templated":true}]}}