{"id":35,"date":"2023-09-05T12:59:54","date_gmt":"2023-09-05T10:59:54","guid":{"rendered":"http:\/\/127.0.0.1\/wordpress\/?page_id=35"},"modified":"2023-11-03T10:50:32","modified_gmt":"2023-11-03T09:50:32","slug":"pogrzeb","status":"publish","type":"page","link":"https:\/\/parafie.archidiecezja.lodz.pl\/swietyalbert\/pogrzeb\/","title":{"rendered":"Pogrzeb"},"content":{"rendered":"\n<blockquote class=\"wp-block-quote is-layout-flow wp-block-quote-is-layout-flow\">\n<p><strong><em>Wieczny odpoczynek racz zmar\u0142ym da\u0107, Panie, <\/em><\/strong><br><strong><em>a \u015bwiat\u0142o\u015b\u0107 wiekuista niechaj im \u015bwieci.<\/em><\/strong><br><strong><em>Niech odpoczywaj\u0105 w pokoju. Amen.<\/em><\/strong><\/p>\n<\/blockquote>\n\n\n\n<p><\/p>\n\n\n\n<h2 class=\"wp-block-heading\"><strong>Dokumenty wymagane w naszej parafii<\/strong><\/h2>\n\n\n\n<p><br>Do kancelarii zg\u0142asza si\u0119 najbli\u017csza rodzina zmar\u0142ego z nast\u0119puj\u0105cymi dokumentami:<\/p>\n\n\n\n<ul class=\"wp-block-list\">\n<li>akt zgonu;<\/li>\n\n\n\n<li>skierowanie z cmentarza, na kt\u00f3rym widnieje data i godzina poch\u00f3wku;<\/li>\n\n\n\n<li>je\u015bli jest to pogrzeb osoby z innej parafii &#8211; dodatkowo konieczna jest zgoda tamtej parafii.<\/li>\n<\/ul>\n\n\n\n<p><\/p>\n\n\n\n<hr class=\"wp-block-separator has-alpha-channel-opacity\"\/>\n\n\n\n<figure class=\"wp-block-embed is-type-video is-provider-youtube wp-block-embed-youtube wp-embed-aspect-16-9 wp-has-aspect-ratio\"><div class=\"wp-block-embed__wrapper\">\n<iframe loading=\"lazy\" title=\"Czy modlitwa za zmar\u0142ych ma sens? Co to jest czy\u015bciec?\" width=\"500\" height=\"281\" src=\"https:\/\/www.youtube.com\/embed\/U6CDzlqPwlw?feature=oembed\" frameborder=\"0\" allow=\"accelerometer; autoplay; clipboard-write; encrypted-media; gyroscope; picture-in-picture; web-share\" referrerpolicy=\"strict-origin-when-cross-origin\" allowfullscreen><\/iframe>\n<\/div><\/figure>\n\n\n\n<hr class=\"wp-block-separator has-alpha-channel-opacity\"\/>\n\n\n\n<h2 class=\"wp-block-heading\"><strong>Warto przeczyta\u0107<\/strong><\/h2>\n\n\n\n<ul class=\"wp-block-list\">\n<li><a href=\"http:\/\/www.katechizm.opoka.org.pl\/kkkII-2-4.htm#o4kkkII-2-4\">Katechizm Ko\u015bcio\u0142a Katolickiego o pogrzebie katolickim<\/a><\/li>\n\n\n\n<li><a href=\"https:\/\/opoka.org.pl\/biblioteka\/T\/TA\/TAL\/pogrzeb.html\">O obrz\u0119dach pogrzebowych<\/a><\/li>\n\n\n\n<li><a href=\"https:\/\/adonai.pl\/wiecznosc\/\">Modlitwy za zmar\u0142ych (adonai.pl)<\/a><\/li>\n\n\n\n<li><a href=\"https:\/\/www.katolik.pl\/za-zmarlych,22361,818,cz.html\">Modlitwy za zmar\u0142ych (katolik.pl)<\/a><\/li>\n\n\n\n<li><a href=\"https:\/\/www.katolik.pl\/co-sie-z-nami-dzieje-po-smierci,23116,416,cz.html\">&#8222;Co si\u0119 z nami dzieje po \u015bmierci&#8221; (ks. Grzegorz Strzelczyk)<\/a><\/li>\n\n\n\n<li><a href=\"https:\/\/www.katolik.pl\/zapukal-do-mnie-po-smierci,23113,416,cz.html\">&#8222;Zapuka\u0142 do mnie po \u015bmierci&#8221; (Marcin Jakimowicz)<\/a><\/li>\n\n\n\n<li><a href=\"https:\/\/www.katolik.pl\/zbawienie---bonus-czy-nagroda-,2088,416,cz.html\">&#8222;Zbawienie &#8211; bonus czy nagroda?&#8221; (o. Remigiusz Rec\u0142aw SJ, Anna Laso\u0144-Zygadlewicz)<\/a><\/li>\n\n\n\n<li><a href=\"https:\/\/www.katolik.pl\/zycie-wieczne,0,858,1,cz.html\">Zbi\u00f3r artyku\u0142\u00f3w (katolik.pl)<\/a><\/li>\n\n\n\n<li><a href=\"https:\/\/opoka.org.pl\/biblioteka\/T\/TS\/smierc_zaloba_zycie.html\">&#8222;\u015amier\u0107, \u017ca\u0142oba i \u017cycie&#8221; (ks. Marek Dziewiecki)<\/a><\/li>\n\n\n\n<li><a href=\"http:\/\/www.pomoc.lichen.pl\/index.php?page=rekolekcje\">&#8222;Jak prze\u017cy\u0107 \u017ca\u0142ob\u0119&#8221; &#8211; rekolekcje w Licheniu<\/a><\/li>\n\n\n\n<li><a href=\"https:\/\/www.katolik.pl\/bog-tak-chcial,23115,416,cz.html\">&#8222;B\u00f3g tak chcia\u0142&#8221; (Tadeusz Basiura)<\/a><\/li>\n\n\n\n<li><a href=\"https:\/\/www.katolik.pl\/smierc-bliskich---jak-ja-przezyc-,22924,416,news.html\">&#8222;\u015amier\u0107 bliskich \u2013 jak j\u0105 prze\u017cy\u0107?&#8221; (Beata Helizanowicz)<\/a><\/li>\n\n\n\n<li><a href=\"https:\/\/pl.aleteia.org\/2016\/07\/15\/kondolencje-jak-je-skladac\/\">&#8222;Kondolencje. Jak je sk\u0142ada\u0107?&#8221; (Tommy Tighe)<\/a><\/li>\n\n\n\n<li><a href=\"https:\/\/naglesami.org.pl\">Fundacja &#8222;Nagle sami&#8221;<\/a><\/li>\n\n\n\n<li><a href=\"https:\/\/prasa.wiara.pl\/doc\/1097625.Pozwolili-jej-zyc\">O dzia\u0142alno\u015bci warszawskiego hospicjum perinatalnego<\/a><\/li>\n\n\n\n<li><a href=\"https:\/\/gajusz.org.pl\">Hospicjum (dzieci\u0119ce, perinatalne, onkologiczne, stacjonarne, domowe) w \u0141odzi<\/a><\/li>\n<\/ul>\n\n\n\n<hr class=\"wp-block-separator has-alpha-channel-opacity\"\/>\n\n\n\n<h2 class=\"wp-block-heading\"><strong>Playlista wybranych pie\u015bni pogrzebowych<\/strong><\/h2>\n\n\n\n<figure class=\"wp-block-embed is-type-video is-provider-youtube wp-block-embed-youtube wp-embed-aspect-16-9 wp-has-aspect-ratio\"><div class=\"wp-block-embed__wrapper\">\n<iframe loading=\"lazy\" title=\"Pie\u015bni pogrzebowe\" width=\"500\" height=\"281\" src=\"https:\/\/www.youtube.com\/embed\/videoseries?list=PLdAuyMh0g59pn4wxk7GN0DNG8R9v9KP9W\" frameborder=\"0\" allow=\"accelerometer; autoplay; clipboard-write; encrypted-media; gyroscope; picture-in-picture; web-share\" referrerpolicy=\"strict-origin-when-cross-origin\" allowfullscreen><\/iframe>\n<\/div><\/figure>\n\n\n\n<hr class=\"wp-block-separator has-alpha-channel-opacity\"\/>\n\n\n\n<h2 class=\"wp-block-heading\"><strong>Cytaty z Pisma \u015awi\u0119tego<\/strong><\/h2>\n\n\n\n<blockquote class=\"wp-block-quote is-layout-flow wp-block-quote-is-layout-flow\">\n<p><em>&#8222;A dusze sprawiedliwych s\u0105 w r\u0119ku Boga i nie dosi\u0119gnie ich m\u0119ka.<\/em> <em>Zda\u0142o si\u0119 oczom g\u0142upich, \u017ce pomarli, zej\u015bcie ich poczytano za nieszcz\u0119\u015bcie<\/em> <em>i odej\u015bcie od nas za unicestwienie, a oni trwaj\u0105 w pokoju.<\/em> <em>Cho\u0107 nawet w ludzkim rozumieniu doznali ka\u017ani, nadzieja ich pe\u0142na jest nie\u015bmiertelno\u015bci.<\/em> <em>Po nieznacznym skarceniu dost\u0105pi\u0105 d\u00f3br wielkich,<\/em> <em>B\u00f3g ich bowiem do\u015bwiadczy\u0142 i znalaz\u0142 ich godnymi siebie.<\/em> <em>Do\u015bwiadczy\u0142 ich jak z\u0142oto w tyglu i przyj\u0105\u0142 ich jak ca\u0142opaln\u0105 ofiar\u0119.<\/em> <em>Ci, kt\u00f3rzy Mu zaufali, zrozumiej\u0105 prawd\u0119, wierni w mi\u0142o\u015bci b\u0119d\u0105 przy Nim trwali:<\/em> <em>\u0142aska bowiem i mi\u0142osierdzie dla Jego wybranych.&#8221;<\/em><br><em>(Mdr 3,1-6.9)<\/em><\/p>\n<\/blockquote>\n\n\n\n<blockquote class=\"wp-block-quote is-layout-flow wp-block-quote-is-layout-flow\">\n<p class=\"has-text-align-left\"><em>&#8222;Czy\u017c nie wiadomo wam, \u017ce my wszyscy, kt\u00f3rzy\u015bmy otrzymali chrzest zanurzaj\u0105cy w Chrystusa Jezusa,<\/em> <em>zostali\u015bmy zanurzeni w Jego \u015bmier\u0107?<\/em> <em>Zatem przez chrzest zanurzaj\u0105cy nas w \u015bmier\u0107 zostali\u015bmy razem z Nim pogrzebani po to,<\/em> <em>aby\u015bmy i my wkroczyli w nowe \u017cycie &#8211; jak Chrystus powsta\u0142 z martwych dzi\u0119ki chwale Ojca.<\/em> <em>Je\u017celi bowiem przez \u015bmier\u0107, podobn\u0105 do Jego \u015bmierci, zostali\u015bmy z Nim z\u0142\u0105czeni w jedno,<\/em> <em>to tak samo b\u0119dziemy z Nim z\u0142\u0105czeni w jedno przez podobne zmartwychwstanie.<\/em> <em>To wiedzcie, \u017ce dla zniszczenia grzesznego cia\u0142a dawny nasz cz\u0142owiek zosta\u0142 razem z Nim ukrzy\u017cowany po to,<\/em> <em>by\u015bmy ju\u017c wi\u0119cej nie byli w niewoli grzechu.<\/em> <em>Kto bowiem umar\u0142, sta\u0142 si\u0119 wolny od grzechu.<\/em> <em>Ot\u00f3\u017c, je\u017celi umarli\u015bmy razem z Chrystusem,<\/em> <em>wierzymy, \u017ce z Nim r\u00f3wnie\u017c \u017cy\u0107 b\u0119dziemy,<\/em> <em>wiedz\u0105c, \u017ce Chrystus powstawszy z martwych ju\u017c wi\u0119cej nie umiera,<\/em> <em>\u015bmier\u0107 nad Nim nie ma ju\u017c w\u0142adzy.&#8221;<\/em><br><em>(Rz 6,3-9)<\/em><\/p>\n<\/blockquote>\n\n\n\n<blockquote class=\"wp-block-quote is-layout-flow wp-block-quote-is-layout-flow\">\n<p><em>&#8222;Niech si\u0119 nie trwo\u017cy serce wasze.<\/em><br><em>Wierzycie w Boga? I we Mnie wierzcie!<\/em><br><em>W domu Ojca mego jest mieszka\u0144 wiele.<\/em><br><em>Gdyby tak nie by\u0142o, to bym wam powiedzia\u0142.<\/em><br><em>Id\u0119 przecie\u017c przygotowa\u0107 wam miejsce.<\/em><br><em>A gdy odejd\u0119 i przygotuj\u0119 wam miejsce, przyjd\u0119 powt\u00f3rnie i zabior\u0119 was do siebie,<\/em><br><em>aby\u015bcie i wy byli tam, gdzie Ja jestem.<\/em><br><em>Znacie drog\u0119, dok\u0105d Ja id\u0119\u00bb.<\/em><br><em>Odezwa\u0142 si\u0119 do Niego Tomasz: \u00abPanie, nie wiemy, dok\u0105d idziesz. Jak wi\u0119c mo\u017cemy zna\u0107 drog\u0119?\u00bb<\/em><br><em>Odpowiedzia\u0142 mu Jezus: \u00abJa jestem drog\u0105 i prawd\u0105, i \u017cyciem.<\/em><br><em>Nikt nie przychodzi do Ojca inaczej jak tylko przeze Mnie.&#8221;<\/em><br><em>(J 14,1-6)<\/em><\/p>\n<\/blockquote>\n\n\n\n<blockquote class=\"wp-block-quote is-layout-flow wp-block-quote-is-layout-flow\">\n<p class=\"has-text-align-left\"><em>&#8222;To bowiem jest wol\u0105 Ojca mego,<\/em><br><em>aby ka\u017cdy, kto widzi Syna i wierzy w Niego, mia\u0142 \u017cycie wieczne.<\/em><br><em>A ja go wskrzesz\u0119 w dniu ostatecznym\u00bb.&#8221;<\/em><br><em>(J 6,40)<\/em><\/p>\n<\/blockquote>\n","protected":false},"excerpt":{"rendered":"<p>Wieczny odpoczynek racz zmar\u0142ym da\u0107, Panie, a \u015bwiat\u0142o\u015b\u0107 wiekuista niechaj im \u015bwieci.Niech odpoczywaj\u0105 w pokoju. Amen. Dokumenty wymagane w naszej parafii Do kancelarii zg\u0142asza si\u0119&#8230;<\/p>\n<div class=\"more-link-wrapper\"><a class=\"more-link\" href=\"https:\/\/parafie.archidiecezja.lodz.pl\/swietyalbert\/pogrzeb\/\">Rozwi\u0144 ca\u0142\u0105 tre\u015b\u0107<span class=\"screen-reader-text\">Pogrzeb<\/span><\/a><\/div>\n","protected":false},"author":1,"featured_media":0,"parent":0,"menu_order":5,"comment_status":"closed","ping_status":"closed","template":"","meta":{"footnotes":""},"class_list":["post-35","page","type-page","status-publish","hentry","entry"],"_links":{"self":[{"href":"https:\/\/parafie.archidiecezja.lodz.pl\/swietyalbert\/wp-json\/wp\/v2\/pages\/35","targetHints":{"allow":["GET"]}}],"collection":[{"href":"https:\/\/parafie.archidiecezja.lodz.pl\/swietyalbert\/wp-json\/wp\/v2\/pages"}],"about":[{"href":"https:\/\/parafie.archidiecezja.lodz.pl\/swietyalbert\/wp-json\/wp\/v2\/types\/page"}],"author":[{"embeddable":true,"href":"https:\/\/parafie.archidiecezja.lodz.pl\/swietyalbert\/wp-json\/wp\/v2\/users\/1"}],"replies":[{"embeddable":true,"href":"https:\/\/parafie.archidiecezja.lodz.pl\/swietyalbert\/wp-json\/wp\/v2\/comments?post=35"}],"version-history":[{"count":1,"href":"https:\/\/parafie.archidiecezja.lodz.pl\/swietyalbert\/wp-json\/wp\/v2\/pages\/35\/revisions"}],"predecessor-version":[{"id":955,"href":"https:\/\/parafie.archidiecezja.lodz.pl\/swietyalbert\/wp-json\/wp\/v2\/pages\/35\/revisions\/955"}],"wp:attachment":[{"href":"https:\/\/parafie.archidiecezja.lodz.pl\/swietyalbert\/wp-json\/wp\/v2\/media?parent=35"}],"curies":[{"name":"wp","href":"https:\/\/api.w.org\/{rel}","templated":true}]}}