{"id":434,"date":"2023-09-23T19:14:49","date_gmt":"2023-09-23T17:14:49","guid":{"rendered":"http:\/\/127.0.0.1\/wordpress\/?page_id=434"},"modified":"2023-10-04T20:29:16","modified_gmt":"2023-10-04T18:29:16","slug":"rozaniec","status":"publish","type":"page","link":"https:\/\/parafie.archidiecezja.lodz.pl\/swietyalbert\/rozaniec\/","title":{"rendered":"R\u00f3\u017caniec"},"content":{"rendered":"\n<div class=\"wp-block-media-text is-stacked-on-mobile\"><figure class=\"wp-block-media-text__media\"><img loading=\"lazy\" decoding=\"async\" width=\"640\" height=\"480\" src=\"https:\/\/parafie.archidiecezja.lodz.pl\/swietyalbert\/wp-content\/uploads\/2023\/09\/image-21.jpeg\" alt=\"\" class=\"wp-image-520 size-full\" srcset=\"https:\/\/parafie.archidiecezja.lodz.pl\/swietyalbert\/wp-content\/uploads\/2023\/09\/image-21.jpeg 640w, https:\/\/parafie.archidiecezja.lodz.pl\/swietyalbert\/wp-content\/uploads\/2023\/09\/image-21-300x225.jpeg 300w\" sizes=\"auto, (max-width: 640px) 100vw, 640px\" \/><\/figure><div class=\"wp-block-media-text__content\">\n<p>\u201eR\u00f3\u017caniec \u015awi\u0119ty<br>to pot\u0119\u017cna bro\u0144.<br>U\u017cywaj jej z ufno\u015bci\u0105,<br>a skutek wprawi ci\u0119<br>w zadziwienie\u201d<br>(\u015bw. Josemar\u00eda Escriv\u00e1)<\/p>\n<\/div><\/div>\n\n\n\n<blockquote class=\"wp-block-quote is-layout-flow wp-block-quote-is-layout-flow\">\n<p><em>&#8222;Matk\u0119 Naj\u015bwi\u0119tsz\u0105 obieram za opiekunk\u0119 w moich trudno\u015bciach.<br>Chc\u0119 J\u0105 czci\u0107 osobnym nabo\u017ce\u0144stwem przez ca\u0142y ci\u0105g \u017cycia i ca\u0142\u0105 wieczno\u015b\u0107&#8221;.<br>(\u015bw. Brat Albert)<\/em><\/p>\n<\/blockquote>\n\n\n\n<h3 class=\"wp-block-heading\">&nbsp;<\/h3>\n\n\n\n<p><\/p>\n\n\n\n<hr class=\"wp-block-separator has-alpha-channel-opacity\"\/>\n\n\n\n<h2 class=\"wp-block-heading\"><strong>Jak modli\u0107 si\u0119 na r\u00f3\u017ca\u0144cu<\/strong><\/h2>\n\n\n\n<p>Jedn\u0105 cz\u0119\u015b\u0107 r\u00f3\u017ca\u0144ca odmawiamy nast\u0119puj\u0105co:<\/p>\n\n\n\n<ol class=\"wp-block-list\">\n<li>Czynimy&nbsp;<strong>Znak krzy\u017ca<\/strong>&nbsp;i odmawiamy&nbsp;<strong>Wierz\u0119 w Boga<\/strong>.<\/li>\n\n\n\n<li>Odmawiamy&nbsp;<strong>Ojcze nasz.<\/strong><\/li>\n\n\n\n<li>Na trzech paciorkach odmawiamy&nbsp;<strong>Zdrowa\u015b Maryjo<\/strong><br>Pierwsze w intencji pog\u0142\u0119bienia wiary,<br>drugie &#8211; pog\u0142\u0119bienia nadziei,<br>trzecie &#8211; pog\u0142\u0119bienia mi\u0142o\u015bci.<\/li>\n\n\n\n<li>Odmawiamy&nbsp;<strong>Chwa\u0142a Ojcu<\/strong>, nast\u0119pnie&nbsp;<strong>O m\u00f3j Jezu<\/strong>, p\u00f3\u017aniej wykonujemy zapowied\u017a pierwszej tajemnicy.<\/li>\n\n\n\n<li>Odmawiamy&nbsp;<strong>Ojcze nasz<\/strong>.<\/li>\n\n\n\n<li>Na ka\u017cdym z 10 paciork\u00f3w odmawiamy&nbsp;<strong>Zdrowa\u015b Maryjo<\/strong>.<\/li>\n\n\n\n<li>Po odm\u00f3wieniu dziesi\u0105tki odmawiamy dwie modlitwy:&nbsp;<strong>Chwa\u0142a Ojc<\/strong>u<br>i&nbsp;<strong>O m\u00f3j Jezu,<\/strong>&nbsp;nast\u0119pnie wykonujemy zapowied\u017a kolejnej tejemnicy.&nbsp;<\/li>\n\n\n\n<li>Odmawiamy&nbsp;<strong>Ojcze nasz<\/strong>.&nbsp;<\/li>\n\n\n\n<li>Na zako\u0144czenie odm\u00f3wiamy&nbsp;<strong>Pod Twoj\u0105 obron\u0119<\/strong>, mo\u017cna te\u017c doda\u0107 modlitw\u0119&nbsp;<strong>Wieczny odpoczynek<\/strong>.<\/li>\n<\/ol>\n\n\n\n<p><a href=\"http:\/\/www.xn--zdrowaka-rvb.pl\/jak-odmawiac-rozaniec\/\">Teksty powy\u017cszych modlitw<\/a><\/p>\n\n\n\n<figure class=\"wp-block-image\"><img decoding=\"async\" src=\"http:\/\/parafie.archidiecezja.lodz.pl\/swietyalbert\/tekstury\/0.gif\" alt=\"\"\/><\/figure>\n\n\n\n<h3 class=\"wp-block-heading\">&nbsp;<\/h3>\n\n\n\n<hr class=\"wp-block-separator has-alpha-channel-opacity\"\/>\n\n\n\n<h2 class=\"wp-block-heading\"><strong>Cz\u0119\u015bci r\u00f3\u017ca\u0144ca<\/strong><\/h2>\n\n\n\n<p><\/p>\n\n\n\n<h4 class=\"wp-block-heading\">Cz\u0119\u015b\u0107 pierwsza &#8211; tajemnice radosne&nbsp;(zwyczajowo odmawiane w poniedzia\u0142ki i soboty)<\/h4>\n\n\n\n<ol class=\"wp-block-list\">\n<li>Zwiastowanie Naj\u015bwi\u0119tszej Maryi Pannie<\/li>\n\n\n\n<li>Nawiedzenie \u015bwi\u0119tej El\u017cbiety<\/li>\n\n\n\n<li>Narodzenie Jezusa<\/li>\n\n\n\n<li>Ofiarowanie Jezusa w \u015bwi\u0105tyni<\/li>\n\n\n\n<li>Odnalezienie Jezusa w \u015bwi\u0105tyni<\/li>\n<\/ol>\n\n\n\n<h4 class=\"wp-block-heading\">Cz\u0119\u015b\u0107 druga &#8211; tajemnice \u015bwiat\u0142a&nbsp;(zwyczajowo odmawiane w czwartki)<\/h4>\n\n\n\n<ol class=\"wp-block-list\">\n<li>Chrzest Jezusa w Jordanie<\/li>\n\n\n\n<li>Objawienie si\u0119 Jezusa w Kanie Galilejskiej<\/li>\n\n\n\n<li>G\u0142oszenie kr\u00f3lestwa i wzywanie do nawr\u00f3cenia<\/li>\n\n\n\n<li>Przemienienie Pa\u0144skie na g\u00f3rze Tabor<\/li>\n\n\n\n<li>Ustanowienie Eucharystii<\/li>\n<\/ol>\n\n\n\n<h4 class=\"wp-block-heading\">Cz\u0119\u015b\u0107 trzecia &#8211; tajemnice bolesne&nbsp;(zwyczajowo odmawiane we wtorki i pi\u0105tki)<\/h4>\n\n\n\n<ol class=\"wp-block-list\">\n<li>Modlitwa Jezusa w Ogr\u00f3jcu<\/li>\n\n\n\n<li>Biczowanie Jezusa<\/li>\n\n\n\n<li>Cierniem ukoronowanie Jezusa<\/li>\n\n\n\n<li>D\u017awiganie krzy\u017ca na Kalwari\u0119<\/li>\n\n\n\n<li>Ukrzy\u017cowanie i \u015bmier\u0107 Jezusa<\/li>\n<\/ol>\n\n\n\n<h4 class=\"wp-block-heading\">Cz\u0119\u015b\u0107 czwarta &#8211; tajemnice chwalebne&nbsp;(zwyczajowo odmawiane w \u015brody i niedziele)<\/h4>\n\n\n\n<ol class=\"wp-block-list\">\n<li>Zmartwychwstanie Jezusa Chrystusa<\/li>\n\n\n\n<li>Wniebowst\u0105pienie Chrystusa<\/li>\n\n\n\n<li>Zes\u0142anie Ducha \u015awi\u0119tego<\/li>\n\n\n\n<li>Wniebowzi\u0119cie Naj\u015bwi\u0119tszej Maryi Panny<\/li>\n\n\n\n<li>Ukoronowanie Maryi na Kr\u00f3low\u0105 nieba i ziemi<\/li>\n<\/ol>\n\n\n\n<h3 class=\"wp-block-heading\">&nbsp;<\/h3>\n\n\n\n<hr class=\"wp-block-separator has-alpha-channel-opacity\"\/>\n\n\n\n<p><\/p>\n\n\n\n<h2 class=\"wp-block-heading\"><strong>Warto zajrze\u0107<\/strong><\/h2>\n\n\n\n<p><\/p>\n\n\n\n<p><a href=\"https:\/\/dominikanie.pl\/video\/rozaniec-maryjne\/\">Nagranie modlitwy r\u00f3\u017ca\u0144cowej (o. Adam Szustak OP)<\/a><\/p>\n\n\n\n<p><a href=\"http:\/\/www.zdrowaska.pl\/\">Portal po\u015bwi\u0119cony w ca\u0142o\u015bci modlitwie r\u00f3\u017ca\u0144cowej. Znajdziemy na nim nie tylko instrukcj\u0119 obs\u0142ugi r\u00f3\u017ca\u0144ca, ale r\u00f3wnie\u017c ciekawe rozwa\u017cania, \u015bwiadectwa i wypowiedzi znanych os\u00f3b<\/a><\/p>\n\n\n\n<p><a href=\"http:\/\/www.rozaniec.eu\/index.php\">R\u00f3\u017caniec &#8211; miesi\u0119cznik formacji r\u00f3\u017ca\u0144cowej<\/a><\/p>\n\n\n\n<p><a href=\"http:\/\/www.mateusz.pl\/duchowosc\/ts-r.htm\">&#8222;R\u00f3\u017caniec&#8221; (ks. Tomasz Stroynowski)<\/a><\/p>\n\n\n\n<p><a href=\"http:\/\/www.mateusz.pl\/duchowosc\/js-rb.htm\">&#8222;R\u00f3\u017caniec Biblijny&#8221;(Jacek \u015awi\u0119cki)<\/a><\/p>\n\n\n\n<p><a href=\"http:\/\/www.opoka.org.pl\/biblioteka\/M\/ML\/kto_rozaniec.html\">&#8222;Kto wymy\u015bli\u0142 r\u00f3\u017caniec?&#8221;(ks. Pawe\u0142 He\u0142ka)<\/a><\/p>\n\n\n\n<p><a href=\"http:\/\/www.brewiarz.katolik.pl\/czytelnia\/rozaniec.php3\">Modlitwa r\u00f3\u017ca\u0144cowa<\/a><\/p>\n\n\n\n<figure class=\"wp-block-embed is-type-video is-provider-youtube wp-block-embed-youtube wp-embed-aspect-16-9 wp-has-aspect-ratio\"><div class=\"wp-block-embed__wrapper\">\n<iframe loading=\"lazy\" title=\"Jak sprawi\u0107, \u017ceby R\u00f3\u017caniec przesta\u0142 by\u0107 nudnym klepaniem i sta\u0142 si\u0119 modlitw\u0105, bez kt\u00f3rej trudno \u017cy\u0107?\" width=\"500\" height=\"281\" src=\"https:\/\/www.youtube.com\/embed\/45d0afn8KCk?feature=oembed\" frameborder=\"0\" allow=\"accelerometer; autoplay; clipboard-write; encrypted-media; gyroscope; picture-in-picture; web-share\" referrerpolicy=\"strict-origin-when-cross-origin\" allowfullscreen><\/iframe>\n<\/div><\/figure>\n\n\n\n<figure class=\"wp-block-embed is-type-video is-provider-youtube wp-block-embed-youtube wp-embed-aspect-16-9 wp-has-aspect-ratio\"><div class=\"wp-block-embed__wrapper\">\n<iframe loading=\"lazy\" title=\"Dlaczego modlimy si\u0119 do Maryi? - 9 kwestii kultu maryjnego\" width=\"500\" height=\"281\" src=\"https:\/\/www.youtube.com\/embed\/aF4M9H6JR8w?feature=oembed\" frameborder=\"0\" allow=\"accelerometer; autoplay; clipboard-write; encrypted-media; gyroscope; picture-in-picture; web-share\" referrerpolicy=\"strict-origin-when-cross-origin\" allowfullscreen><\/iframe>\n<\/div><\/figure>\n","protected":false},"excerpt":{"rendered":"<p>\u201eR\u00f3\u017caniec \u015awi\u0119tyto pot\u0119\u017cna bro\u0144.U\u017cywaj jej z ufno\u015bci\u0105,a skutek wprawi ci\u0119w zadziwienie\u201d(\u015bw. Josemar\u00eda Escriv\u00e1) &#8222;Matk\u0119 Naj\u015bwi\u0119tsz\u0105 obieram za opiekunk\u0119 w moich trudno\u015bciach.Chc\u0119 J\u0105 czci\u0107 osobnym nabo\u017ce\u0144stwem&#8230;<\/p>\n<div class=\"more-link-wrapper\"><a class=\"more-link\" href=\"https:\/\/parafie.archidiecezja.lodz.pl\/swietyalbert\/rozaniec\/\">Rozwi\u0144 ca\u0142\u0105 tre\u015b\u0107<span class=\"screen-reader-text\">R\u00f3\u017caniec<\/span><\/a><\/div>\n","protected":false},"author":1,"featured_media":0,"parent":0,"menu_order":0,"comment_status":"closed","ping_status":"closed","template":"","meta":{"footnotes":""},"class_list":["post-434","page","type-page","status-publish","hentry","entry"],"_links":{"self":[{"href":"https:\/\/parafie.archidiecezja.lodz.pl\/swietyalbert\/wp-json\/wp\/v2\/pages\/434","targetHints":{"allow":["GET"]}}],"collection":[{"href":"https:\/\/parafie.archidiecezja.lodz.pl\/swietyalbert\/wp-json\/wp\/v2\/pages"}],"about":[{"href":"https:\/\/parafie.archidiecezja.lodz.pl\/swietyalbert\/wp-json\/wp\/v2\/types\/page"}],"author":[{"embeddable":true,"href":"https:\/\/parafie.archidiecezja.lodz.pl\/swietyalbert\/wp-json\/wp\/v2\/users\/1"}],"replies":[{"embeddable":true,"href":"https:\/\/parafie.archidiecezja.lodz.pl\/swietyalbert\/wp-json\/wp\/v2\/comments?post=434"}],"version-history":[{"count":2,"href":"https:\/\/parafie.archidiecezja.lodz.pl\/swietyalbert\/wp-json\/wp\/v2\/pages\/434\/revisions"}],"predecessor-version":[{"id":522,"href":"https:\/\/parafie.archidiecezja.lodz.pl\/swietyalbert\/wp-json\/wp\/v2\/pages\/434\/revisions\/522"}],"wp:attachment":[{"href":"https:\/\/parafie.archidiecezja.lodz.pl\/swietyalbert\/wp-json\/wp\/v2\/media?parent=434"}],"curies":[{"name":"wp","href":"https:\/\/api.w.org\/{rel}","templated":true}]}}