{"id":514,"date":"2023-09-30T13:33:58","date_gmt":"2023-09-30T11:33:58","guid":{"rendered":"https:\/\/parafie.archidiecezja.lodz.pl\/swietyalbert\/?page_id=514"},"modified":"2024-12-03T21:15:22","modified_gmt":"2024-12-03T20:15:22","slug":"tajemnica-krzyza","status":"publish","type":"page","link":"https:\/\/parafie.archidiecezja.lodz.pl\/swietyalbert\/tajemnica-krzyza\/","title":{"rendered":"Tajemnica Krzy\u017ca"},"content":{"rendered":"\n<blockquote class=\"wp-block-quote is-layout-flow wp-block-quote-is-layout-flow\">\n<p><em>&#8222;Krzy\u017c jest tajemnic\u0105, wymaga wiary.<\/em><br><em>Krzy\u017c jest \u015bwiat\u0142em, kt\u00f3re o\u015bwieca umys\u0142,<\/em><br><em>szcz\u0119\u015bliwy kto mu odda serce i dostanie \u0142ask\u0119 mi\u0142owania.&#8221;<\/em><br><em>(\u015bw. Albert Chmielowski)<\/em><\/p>\n<\/blockquote>\n\n\n\n<blockquote class=\"wp-block-quote is-layout-flow wp-block-quote-is-layout-flow\">\n<p><em>&#8222;Gdy Pan Jezus daje krzy\u017cyk,<\/em><br><em>trzeba przyj\u0105\u0107 i podzi\u0119kowa\u0107 za to,<\/em><br><em>bo to wszystko jest z mi\u0142o\u015bci Pana Jezusa dla duszy.&#8221;<\/em><br><em>(\u015bw. Albert Chmielowski)<\/em><\/p>\n<\/blockquote>\n\n\n\n<hr class=\"wp-block-separator has-alpha-channel-opacity\"\/>\n\n\n\n<div class=\"wp-block-media-text has-media-on-the-right is-stacked-on-mobile is-vertically-aligned-top\" style=\"grid-template-columns:auto 40%\"><div class=\"wp-block-media-text__content\">\n<p>&#8222;To jest&nbsp;<em>TAJEMNICA KRZY\u017bA<\/em>:<br>zgorszenie, g\u0142upstwo, znak s\u0142abo\u015bci,<br>narz\u0119dzie \u015bmierci<br>&#8211; a oto w r\u0119kach Boga<br>krzy\u017c sta\u0142 si\u0119&nbsp;<em>ZNAKIEM NADZIEI<\/em>,<br>najwi\u0119kszej&nbsp;<em>M\u0104DRO\u015aCI<\/em>,<br>najwy\u017cszej Bo\u017cej&nbsp;<em>MOCY<\/em><br>ku wybawieniu<br>wszystkich ludzi od grzechu i \u015bmierci.<br>Krzy\u017c jest znakiem&nbsp;<em>ZWYCI\u0118STWA<\/em>.<br>Krzy\u017c ju\u017c nie jest znakiem \u015bmierci,<br>ale znakiem \u017cycia.<br>&#8222;A z tej \u015bmierci \u017cycie tryska&#8221;.<br>Krzy\u017c nie jest ju\u017c znakiem czego\u015b<br>ostatecznego w \u017cyciu cz\u0142owieka,<br>to znaczy \u015bmierci,<br>nie jest ko\u0144cem wszystkiego.<br>Od chwili, kiedy Syn Bo\u017cy<br>umar\u0142 na krzy\u017cu,<br>krzy\u017c jest znakiem paschalnym,<br>a Pascha przecie\u017c to Przej\u015bcie,<br>przej\u015bcie ze \u015bmierci do&nbsp;<em>\u017bYCIA<\/em>.&#8221;<\/p>\n\n\n\n<p>(ks. Franciszek Blachnicki,<br>&#8222;<em>A z tej \u015bmierci \u017cycie tryska<\/em>&#8222;)<\/p>\n<\/div><figure class=\"wp-block-media-text__media\"><img loading=\"lazy\" decoding=\"async\" width=\"800\" height=\"480\" src=\"https:\/\/parafie.archidiecezja.lodz.pl\/swietyalbert\/wp-content\/uploads\/2023\/09\/gwiazda1.jpg\" alt=\"\" class=\"wp-image-512 size-full\" srcset=\"https:\/\/parafie.archidiecezja.lodz.pl\/swietyalbert\/wp-content\/uploads\/2023\/09\/gwiazda1.jpg 800w, https:\/\/parafie.archidiecezja.lodz.pl\/swietyalbert\/wp-content\/uploads\/2023\/09\/gwiazda1-300x180.jpg 300w, https:\/\/parafie.archidiecezja.lodz.pl\/swietyalbert\/wp-content\/uploads\/2023\/09\/gwiazda1-768x461.jpg 768w\" sizes=\"auto, (max-width: 800px) 100vw, 800px\" \/><\/figure><\/div>\n\n\n\n<hr class=\"wp-block-separator has-alpha-channel-opacity\"\/>\n\n\n\n<blockquote class=\"wp-block-quote is-layout-flow wp-block-quote-is-layout-flow\">\n<p>&#8222;Jak noc nad ranem,<br>tak \u017cycie staje si\u0119 coraz ja\u015bniejsze w miar\u0119, jak prze\u017cywamy,<br>a przyczyna ka\u017cdej rzeczy wreszcie si\u0119 wyja\u015bnia&#8221;<br>(Richter)<\/p>\n<\/blockquote>\n\n\n\n<blockquote class=\"wp-block-quote is-layout-flow wp-block-quote-is-layout-flow\">\n<p>&#8222;Mi\u0142o\u015bci bez Krzy\u017ca nie znajdziecie,<br>a Krzy\u017ca bez Mi\u0142o\u015bci nie uniesiecie&#8221;<br>(\u015bw. Jan Pawe\u0142 II)<\/p>\n<\/blockquote>\n\n\n\n<blockquote class=\"wp-block-quote is-layout-flow wp-block-quote-is-layout-flow\">\n<p>&#8222;Wtedy Jezus rzek\u0142 do swoich uczni\u00f3w:<br>Je\u015bli kto chce p\u00f3j\u015b\u0107 za Mn\u0105, niech si\u0119 zaprze samego siebie,<br>niech we\u017amie krzy\u017c sw\u00f3j i niech Mnie na\u015bladuje.<br>Bo kto chce zachowa\u0107 swoje \u017cycie, straci je;<br>a kto straci swe \u017cycie z mego powodu, znajdzie je.<br>C\u00f3\u017c bowiem za korzy\u015b\u0107 odniesie cz\u0142owiek, cho\u0107by ca\u0142y \u015bwiat zyska\u0142,<br>a na swej duszy szkod\u0119 poni\u00f3s\u0142?<br>Albo co da cz\u0142owiek w zamian za swoj\u0105 dusz\u0119? &#8221; (Mt 16, 24-26)<\/p>\n<\/blockquote>\n\n\n\n<blockquote class=\"wp-block-quote is-layout-flow wp-block-quote-is-layout-flow\">\n<p>&#8222;Nie trzeba czeka\u0107, a\u017c zdejm\u0105 krzy\u017c z naszych ramion;<br>wystarczy si\u0119 z nim pogodzi\u0107, a ju\u017c jest l\u017cej&#8221;<br>(S\u0142uga Bo\u017cy Stefan Kardyna\u0142 Wyszy\u0144ski)<\/p>\n<\/blockquote>\n\n\n\n<blockquote class=\"wp-block-quote is-layout-flow wp-block-quote-is-layout-flow\">\n<p><em>&#8222;Cierpienie jest drabin\u0105,<\/em><br><em>kt\u00f3ra nas wiedzie do Boga i do nieba.&#8221;<\/em><br><em>(b\u0142. El\u017cbieta od Tr\u00f3jcy Przenaj\u015bwi\u0119tszej)<\/em><\/p>\n<\/blockquote>\n\n\n\n<blockquote class=\"wp-block-quote is-layout-flow wp-block-quote-is-layout-flow\">\n<p><em>&#8222;Umi\u0142owani Bracia i Siostry, nie wstyd\u017acie si\u0119 krzy\u017ca. Starajcie si\u0119 na co dzie\u0144 podejmowa\u0107 krzy\u017c i odpowiada\u0107 na mi\u0142o\u015b\u0107 Chrystusa. Bro\u0144cie krzy\u017ca, nie pozw\u00f3lcie, aby Imi\u0119 Bo\u017ce by\u0142o obra\u017cane w waszych sercach, w \u017cyciu spo\u0142ecznym czy rodzinnym. Dzi\u0119kujmy Bo\u017cej Opatrzno\u015bci za to, \u017ce krzy\u017c powr\u00f3ci\u0142 do szk\u00f3\u0142, urz\u0119d\u00f3w publicznych, szpitali. Niech on tam pozostanie! Niech przypomina o naszej chrze\u015bcija\u0144skiej godno\u015bci i narodowej to\u017csamo\u015bci, o tym, kim jeste\u015bmy i dok\u0105d zmierzamy, i gdzie s\u0105 nasze korzenie. Niech przypomina nam o mi\u0142o\u015bci Boga do cz\u0142owieka, kt\u00f3ra w krzy\u017cu znalaz\u0142a sw\u00f3j najg\u0142\u0119bszy wyraz.&#8221;<br>(Jan Pawe\u0142 II)<\/em><\/p>\n<\/blockquote>\n\n\n\n<figure class=\"wp-block-embed is-type-video is-provider-youtube wp-block-embed-youtube wp-embed-aspect-16-9 wp-has-aspect-ratio\"><div class=\"wp-block-embed__wrapper\">\n<iframe loading=\"lazy\" title=\"1270.  Zmartwychwsta\u0142y Pan Kr\u00f3lestwo obj\u0105\u0142 dzi\u015b\" width=\"500\" height=\"281\" src=\"https:\/\/www.youtube.com\/embed\/2Woe6hQMCIw?feature=oembed\" frameborder=\"0\" allow=\"accelerometer; autoplay; clipboard-write; encrypted-media; gyroscope; picture-in-picture; web-share\" referrerpolicy=\"strict-origin-when-cross-origin\" allowfullscreen><\/iframe>\n<\/div><\/figure>\n\n\n\n<p><a href=\"http:\/\/www.deon.pl\/religia\/duchowosc-i-wiara\/zycie-i-wiara\/art,606,krzyz-i-zbawienie-od-grzechu-rozwazanie.html\">&#8222;Krzy\u017c i zbawienie od grzechu &#8211; rozwa\u017canie&#8221; &#8211; Jacek Pozna\u0144ski SJ<\/a><\/p>\n\n\n\n<p><a href=\"http:\/\/www.katolik.pl\/znaczenie-krzyza-w-historii-polski,2557,416,news.html\">&#8222;Znaczenie Krzy\u017ca w historii Polski&#8221; &#8211; Tadeusz Basiura<\/a><\/p>\n\n\n\n<p><a href=\"http:\/\/www.katolik.pl\/jak-w-obliczu-cierpienia-wierzyc-w-boze-milosierdzie-,814,416,news.html\">&#8222;Jak w obliczu cierpienia wierzy\u0107 w Bo\u017ce mi\u0142osierdzie?&#8221; &#8211; Ks. Wojciech Pikor<\/a><\/p>\n\n\n\n<p><a href=\"http:\/\/www.radiomaryja.pl\/bez-kategorii\/kazanie-biskupa-polowego-wp-wygloszone-w-katedrze-polowej-w-wielki-piatek\/\">Nauka Krzy\u017ca &#8211; \u015bp. bp Tadeusz P\u0142oski<\/a><\/p>\n\n\n\n<p><a href=\"http:\/\/gosc.pl\/doc\/792029.Krzyz-jest-miloscia\">&#8222;Krzy\u017c jest mi\u0142o\u015bci\u0105&#8221; &#8211; ks. Tomasz Jaklewicz<\/a><\/p>\n\n\n\n<p><a href=\"http:\/\/www.deon.pl\/religia\/duchowosc-i-wiara\/zycie-i-wiara\/art,166,krzyz-jezusa-chrystusa-znakiem-nadziei.html\">&nbsp;&#8222;Krzy\u017c Jezusa Chrystusa znakiem nadziei&#8221; (Ks. J\u00f3zef Naumowicz)<\/a><\/p>\n\n\n\n<p><a href=\"http:\/\/www.deon.pl\/religia\/duchowosc-i-wiara\/lyk-teologii\/art,60,wiara-jest-jak-terapia-cierpienia-rozwazanie.html\">&nbsp;&#8222;Wiara jest jak terapia cierpienia &#8211; rozwa\u017canie&#8221; (Partizia Cattaneo)<\/a><\/p>\n\n\n\n<p><a href=\"http:\/\/www.vatican.va\/holy_father\/john_paul_ii\/homilies\/1997\/documents\/hf_jp-ii_hom_19970606_zakopane_pl.html\">\u00a0Homilia wyg\u0142oszona przez Jana Paw\u0142a II w Zakopanem 6.06.1997 r.<\/a><\/p>\n","protected":false},"excerpt":{"rendered":"<p>&#8222;Krzy\u017c jest tajemnic\u0105, wymaga wiary.Krzy\u017c jest \u015bwiat\u0142em, kt\u00f3re o\u015bwieca umys\u0142,szcz\u0119\u015bliwy kto mu odda serce i dostanie \u0142ask\u0119 mi\u0142owania.&#8221;(\u015bw. Albert Chmielowski) &#8222;Gdy Pan Jezus daje krzy\u017cyk,trzeba&#8230;<\/p>\n<div class=\"more-link-wrapper\"><a class=\"more-link\" href=\"https:\/\/parafie.archidiecezja.lodz.pl\/swietyalbert\/tajemnica-krzyza\/\">Rozwi\u0144 ca\u0142\u0105 tre\u015b\u0107<span class=\"screen-reader-text\">Tajemnica Krzy\u017ca<\/span><\/a><\/div>\n","protected":false},"author":1,"featured_media":0,"parent":0,"menu_order":0,"comment_status":"closed","ping_status":"closed","template":"","meta":{"footnotes":""},"class_list":["post-514","page","type-page","status-publish","hentry","entry"],"_links":{"self":[{"href":"https:\/\/parafie.archidiecezja.lodz.pl\/swietyalbert\/wp-json\/wp\/v2\/pages\/514","targetHints":{"allow":["GET"]}}],"collection":[{"href":"https:\/\/parafie.archidiecezja.lodz.pl\/swietyalbert\/wp-json\/wp\/v2\/pages"}],"about":[{"href":"https:\/\/parafie.archidiecezja.lodz.pl\/swietyalbert\/wp-json\/wp\/v2\/types\/page"}],"author":[{"embeddable":true,"href":"https:\/\/parafie.archidiecezja.lodz.pl\/swietyalbert\/wp-json\/wp\/v2\/users\/1"}],"replies":[{"embeddable":true,"href":"https:\/\/parafie.archidiecezja.lodz.pl\/swietyalbert\/wp-json\/wp\/v2\/comments?post=514"}],"version-history":[{"count":5,"href":"https:\/\/parafie.archidiecezja.lodz.pl\/swietyalbert\/wp-json\/wp\/v2\/pages\/514\/revisions"}],"predecessor-version":[{"id":2319,"href":"https:\/\/parafie.archidiecezja.lodz.pl\/swietyalbert\/wp-json\/wp\/v2\/pages\/514\/revisions\/2319"}],"wp:attachment":[{"href":"https:\/\/parafie.archidiecezja.lodz.pl\/swietyalbert\/wp-json\/wp\/v2\/media?parent=514"}],"curies":[{"name":"wp","href":"https:\/\/api.w.org\/{rel}","templated":true}]}}