{"id":60,"date":"2023-09-05T13:55:24","date_gmt":"2023-09-05T11:55:24","guid":{"rendered":"http:\/\/127.0.0.1\/wordpress\/?page_id=60"},"modified":"2026-04-11T21:21:42","modified_gmt":"2026-04-11T19:21:42","slug":"duchowienstwo","status":"publish","type":"page","link":"https:\/\/parafie.archidiecezja.lodz.pl\/swietyalbert\/duchowienstwo\/","title":{"rendered":"Duchowie\u0144stwo"},"content":{"rendered":"\n<p><\/p>\n\n\n\n<h2 class=\"wp-block-heading\"><strong>Ksi\u0119\u017ca obecnie pos\u0142uguj\u0105cy:<\/strong><\/h2>\n\n\n\n<p><\/p>\n\n\n\n<div class=\"wp-block-media-text is-stacked-on-mobile\" style=\"grid-template-columns:30% auto\"><figure class=\"wp-block-media-text__media\"><img decoding=\"async\" src=\"https:\/\/lh3.googleusercontent.com\/Se197xwTUEYNxex4O1APRNr2RTd9amQhRRHry-3EmPhvibvJn9H9xz8K-S0uGAnJRLBz1NIWpmVGBgloF49lYxm1Pm1CdM49wNkYi-yqo39jjImOlwMmECnTpWtRtDbL2gL4WYvQ7L9m7yVeFvBV9ss5xM_BGXKVh4nOD5KmzouGxXp7xmJkfHbtkXfm4rNNLfU8mWX-ZlQof669neuG94x_RYPDmqezhmREWdFkchliYkt8r_7QrMW2zNt9S8QgeRh9TRih8w8Gw_6vyqKAWSd8SQSCPWy78wEbjrpJYFZYp9TglzU3nzkBdF13jhsn2azLUL7G720-GOv9l4rvxDzR8VSDws_bgVdiX5IMZ9ylfQkn6LBIENjqRj43VpI2Peokv_YiEX_Mzw8y0Ykqv_ZoIfeWBSjTV5O6mkp9NyMnzJrtyZcF_Y5sjy3x_gbJmXK51UcO1J5TGov0rwJ38gz0BIr9RMK0VZHdwmg4_gxSAxLYjXv-omBJicDg5rvYcPstFu3DFAyz5fJ5JwGyMYokmNXwLYPAZehY7SdV5OguHNPAxcOAtx7BUjVdvxiHB5U3r3nDr0mu2tUNEdWGQdLxtKsag3x-hayv2yArN0K6GORJJxYubb0-z6qJ83AyC_qGQMmfd9H4y2_Mtc2WnnsDfI5_p86w=w1248-h1870-no\" alt=\"Ks. Proboszcz\"\/><\/figure><div class=\"wp-block-media-text__content\">\n<p class=\"has-regular-font-size\"><em><strong>Ksi\u0105dz Proboszcz<\/strong><\/em><\/p>\n\n\n\n<p class=\"has-regular-font-size\">Ks. Kanonik dr Przemys\u0142aw G\u00f3ra<br>Numer telefonu: 502 281 119<\/p>\n<\/div><\/div>\n\n\n\n<p>  <br> <\/p>\n\n\n\n<div class=\"wp-block-media-text is-stacked-on-mobile\" style=\"grid-template-columns:30% auto\"><figure class=\"wp-block-media-text__media\"><img loading=\"lazy\" decoding=\"async\" width=\"652\" height=\"718\" src=\"https:\/\/parafie.archidiecezja.lodz.pl\/swietyalbert\/wp-content\/uploads\/2025\/08\/ks-kamil-rusak.jpg\" alt=\"\" class=\"wp-image-2734 size-full\" srcset=\"https:\/\/parafie.archidiecezja.lodz.pl\/swietyalbert\/wp-content\/uploads\/2025\/08\/ks-kamil-rusak.jpg 652w, https:\/\/parafie.archidiecezja.lodz.pl\/swietyalbert\/wp-content\/uploads\/2025\/08\/ks-kamil-rusak-272x300.jpg 272w\" sizes=\"auto, (max-width: 652px) 100vw, 652px\" \/><\/figure><div class=\"wp-block-media-text__content\">\n<p><em><strong>Ksi\u0105dz Wikariusz<\/strong><\/em><\/p>\n\n\n\n<p>ks. Kamil Rusak<br>(pos\u0142uga od 31.08.2025 r.)<\/p>\n<\/div><\/div>\n\n\n\n<p><\/p>\n\n\n\n<div class=\"wp-block-media-text is-stacked-on-mobile\" style=\"grid-template-columns:30% auto\"><figure class=\"wp-block-media-text__media\"><img decoding=\"async\" src=\"https:\/\/lh5.googleusercontent.com\/-gt36K3ryUEQ\/ToxnKJu4icI\/AAAAAAAACjQ\/9S24L5KaEvk\/s800\/proboszcz.jpg\" alt=\"Ks. Proboszcz\"\/><\/figure><div class=\"wp-block-media-text__content\">\n<p><strong><em>Ksi\u0105dz Rezydent <\/em><br><em>&#8211; pierwszy Proboszcz parafii<\/em><\/strong><\/p>\n\n\n\n<p>Ks. Pra\u0142at Zygmunt \u0141ukomski<\/p>\n<\/div><\/div>\n\n\n\n<hr class=\"wp-block-separator has-alpha-channel-opacity\"\/>\n\n\n\n<p>W pos\u0142udze duszpasterskiej pomagaj\u0105 r\u00f3wnie\u017c kap\u0142ani pracuj\u0105cy w znajduj\u0105cym si\u0119 na terenie parafii Seminarium Redemptoris Mater (<a href=\"https:\/\/redemptorismaterlodz.pl\" title=\"\">strona Seminarium<\/a>):<\/p>\n\n\n\n<ul class=\"wp-block-list\">\n<li>Ks. Micha\u0142 Jaworski<\/li>\n\n\n\n<li>Ks. Janusz \u015awieca<\/li>\n<\/ul>\n\n\n\n<hr class=\"wp-block-separator has-alpha-channel-opacity\"\/>\n\n\n\n<h2 class=\"wp-block-heading\"><strong>Ksi\u0119\u017ca dawniej pos\u0142uguj\u0105cy:<\/strong><\/h2>\n\n\n\n<div class=\"wp-block-media-text is-stacked-on-mobile\" style=\"grid-template-columns:30% auto\"><figure class=\"wp-block-media-text__media\"><img loading=\"lazy\" decoding=\"async\" width=\"165\" height=\"233\" src=\"https:\/\/parafie.archidiecezja.lodz.pl\/swietyalbert\/wp-content\/uploads\/2023\/11\/ja2525C5252582mu2525C52525BCny1.jpg\" alt=\"\" class=\"wp-image-997 size-full\"\/><\/figure><div class=\"wp-block-media-text__content\">\n<p>ks. S\u0142awomir Ja\u0142mu\u017cny<br>(28.08.1987-30.08.1996)<\/p>\n<\/div><\/div>\n\n\n\n<div class=\"wp-block-media-text is-stacked-on-mobile\" style=\"grid-template-columns:30% auto\"><figure class=\"wp-block-media-text__media\"><img loading=\"lazy\" decoding=\"async\" width=\"338\" height=\"478\" src=\"https:\/\/parafie.archidiecezja.lodz.pl\/swietyalbert\/wp-content\/uploads\/2023\/11\/majda1.jpg\" alt=\"\" class=\"wp-image-999 size-full\" srcset=\"https:\/\/parafie.archidiecezja.lodz.pl\/swietyalbert\/wp-content\/uploads\/2023\/11\/majda1.jpg 338w, https:\/\/parafie.archidiecezja.lodz.pl\/swietyalbert\/wp-content\/uploads\/2023\/11\/majda1-212x300.jpg 212w\" sizes=\"auto, (max-width: 338px) 100vw, 338px\" \/><\/figure><div class=\"wp-block-media-text__content\">\n<p>\u2020 ks. Jerzy Majda<br>(1987\u20131988)<\/p>\n<\/div><\/div>\n\n\n\n<div class=\"wp-block-media-text is-stacked-on-mobile\" style=\"grid-template-columns:30% auto\"><figure class=\"wp-block-media-text__media\"><img loading=\"lazy\" decoding=\"async\" width=\"242\" height=\"339\" src=\"https:\/\/parafie.archidiecezja.lodz.pl\/swietyalbert\/wp-content\/uploads\/2023\/11\/rogulski1.jpg\" alt=\"\" class=\"wp-image-1000 size-full\" srcset=\"https:\/\/parafie.archidiecezja.lodz.pl\/swietyalbert\/wp-content\/uploads\/2023\/11\/rogulski1.jpg 242w, https:\/\/parafie.archidiecezja.lodz.pl\/swietyalbert\/wp-content\/uploads\/2023\/11\/rogulski1-214x300.jpg 214w\" sizes=\"auto, (max-width: 242px) 100vw, 242px\" \/><\/figure><div class=\"wp-block-media-text__content\">\n<p>ks. Adam Rogulski<br>(03.12.1988-28.08.1993)<\/p>\n<\/div><\/div>\n\n\n\n<div class=\"wp-block-media-text is-stacked-on-mobile\" style=\"grid-template-columns:30% auto\"><figure class=\"wp-block-media-text__media\"><img loading=\"lazy\" decoding=\"async\" width=\"272\" height=\"448\" src=\"https:\/\/parafie.archidiecezja.lodz.pl\/swietyalbert\/wp-content\/uploads\/2023\/11\/danilewicz1.jpg\" alt=\"\" class=\"wp-image-1001 size-full\" srcset=\"https:\/\/parafie.archidiecezja.lodz.pl\/swietyalbert\/wp-content\/uploads\/2023\/11\/danilewicz1.jpg 272w, https:\/\/parafie.archidiecezja.lodz.pl\/swietyalbert\/wp-content\/uploads\/2023\/11\/danilewicz1-182x300.jpg 182w\" sizes=\"auto, (max-width: 272px) 100vw, 272px\" \/><\/figure><div class=\"wp-block-media-text__content\">\n<p>\u2020 ks. Stanis\u0142aw Danilewicz<br>(1989\u20131990)<\/p>\n<\/div><\/div>\n\n\n\n<div class=\"wp-block-media-text is-stacked-on-mobile\" style=\"grid-template-columns:30% auto\"><figure class=\"wp-block-media-text__media\"><img loading=\"lazy\" decoding=\"async\" width=\"340\" height=\"475\" src=\"https:\/\/parafie.archidiecezja.lodz.pl\/swietyalbert\/wp-content\/uploads\/2023\/11\/ignatowski1.jpg\" alt=\"\" class=\"wp-image-1002 size-full\" srcset=\"https:\/\/parafie.archidiecezja.lodz.pl\/swietyalbert\/wp-content\/uploads\/2023\/11\/ignatowski1.jpg 340w, https:\/\/parafie.archidiecezja.lodz.pl\/swietyalbert\/wp-content\/uploads\/2023\/11\/ignatowski1-215x300.jpg 215w\" sizes=\"auto, (max-width: 340px) 100vw, 340px\" \/><\/figure><div class=\"wp-block-media-text__content\">\n<p>ks. Grzegorz Ignatowski<br>(1990\u20131991)<\/p>\n<\/div><\/div>\n\n\n\n<div class=\"wp-block-media-text is-stacked-on-mobile\" style=\"grid-template-columns:30% auto\"><figure class=\"wp-block-media-text__media\"><img loading=\"lazy\" decoding=\"async\" width=\"334\" height=\"430\" src=\"https:\/\/parafie.archidiecezja.lodz.pl\/swietyalbert\/wp-content\/uploads\/2023\/11\/egierski1.jpg\" alt=\"\" class=\"wp-image-1003 size-full\" srcset=\"https:\/\/parafie.archidiecezja.lodz.pl\/swietyalbert\/wp-content\/uploads\/2023\/11\/egierski1.jpg 334w, https:\/\/parafie.archidiecezja.lodz.pl\/swietyalbert\/wp-content\/uploads\/2023\/11\/egierski1-233x300.jpg 233w\" sizes=\"auto, (max-width: 334px) 100vw, 334px\" \/><\/figure><div class=\"wp-block-media-text__content\">\n<p>ks. J\u00f3zef Egierski<br>(1991-29.08.1992)<\/p>\n<\/div><\/div>\n\n\n\n<div class=\"wp-block-media-text is-stacked-on-mobile\" style=\"grid-template-columns:30% auto\"><figure class=\"wp-block-media-text__media\"><img loading=\"lazy\" decoding=\"async\" width=\"337\" height=\"474\" src=\"https:\/\/parafie.archidiecezja.lodz.pl\/swietyalbert\/wp-content\/uploads\/2023\/11\/korczak1.jpg\" alt=\"\" class=\"wp-image-1004 size-full\" srcset=\"https:\/\/parafie.archidiecezja.lodz.pl\/swietyalbert\/wp-content\/uploads\/2023\/11\/korczak1.jpg 337w, https:\/\/parafie.archidiecezja.lodz.pl\/swietyalbert\/wp-content\/uploads\/2023\/11\/korczak1-213x300.jpg 213w\" sizes=\"auto, (max-width: 337px) 100vw, 337px\" \/><\/figure><div class=\"wp-block-media-text__content\">\n<p>ks. Grzegorz Korczak<br>(29.08.1992-28.08.2002)<\/p>\n<\/div><\/div>\n\n\n\n<div class=\"wp-block-media-text is-stacked-on-mobile\" style=\"grid-template-columns:30% auto\"><figure class=\"wp-block-media-text__media\"><img loading=\"lazy\" decoding=\"async\" width=\"341\" height=\"477\" src=\"https:\/\/parafie.archidiecezja.lodz.pl\/swietyalbert\/wp-content\/uploads\/2023\/11\/gregorczyk1.jpg\" alt=\"\" class=\"wp-image-1005 size-full\" srcset=\"https:\/\/parafie.archidiecezja.lodz.pl\/swietyalbert\/wp-content\/uploads\/2023\/11\/gregorczyk1.jpg 341w, https:\/\/parafie.archidiecezja.lodz.pl\/swietyalbert\/wp-content\/uploads\/2023\/11\/gregorczyk1-214x300.jpg 214w\" sizes=\"auto, (max-width: 341px) 100vw, 341px\" \/><\/figure><div class=\"wp-block-media-text__content\">\n<p>ks. Marek Gregorczyk<br>(28.08.1993-28.08.2004)<\/p>\n<\/div><\/div>\n\n\n\n<div class=\"wp-block-media-text is-stacked-on-mobile\" style=\"grid-template-columns:30% auto\"><figure class=\"wp-block-media-text__media\"><img loading=\"lazy\" decoding=\"async\" width=\"277\" height=\"385\" src=\"https:\/\/parafie.archidiecezja.lodz.pl\/swietyalbert\/wp-content\/uploads\/2023\/11\/jcielecki1.jpg\" alt=\"\" class=\"wp-image-1006 size-full\" srcset=\"https:\/\/parafie.archidiecezja.lodz.pl\/swietyalbert\/wp-content\/uploads\/2023\/11\/jcielecki1.jpg 277w, https:\/\/parafie.archidiecezja.lodz.pl\/swietyalbert\/wp-content\/uploads\/2023\/11\/jcielecki1-216x300.jpg 216w\" sizes=\"auto, (max-width: 277px) 100vw, 277px\" \/><\/figure><div class=\"wp-block-media-text__content\">\n<p>ks. Jaros\u0142aw Cielecki<br>(1995\u20131997)<\/p>\n<\/div><\/div>\n\n\n\n<div class=\"wp-block-media-text is-stacked-on-mobile\" style=\"grid-template-columns:30% auto\"><figure class=\"wp-block-media-text__media\"><img loading=\"lazy\" decoding=\"async\" width=\"332\" height=\"441\" src=\"https:\/\/parafie.archidiecezja.lodz.pl\/swietyalbert\/wp-content\/uploads\/2023\/11\/arndt1.jpg\" alt=\"\" class=\"wp-image-1007 size-full\" srcset=\"https:\/\/parafie.archidiecezja.lodz.pl\/swietyalbert\/wp-content\/uploads\/2023\/11\/arndt1.jpg 332w, https:\/\/parafie.archidiecezja.lodz.pl\/swietyalbert\/wp-content\/uploads\/2023\/11\/arndt1-226x300.jpg 226w\" sizes=\"auto, (max-width: 332px) 100vw, 332px\" \/><\/figure><div class=\"wp-block-media-text__content\">\n<p> ks. Robert Arndt <br>(10.08.1997-27.08.2005)<\/p>\n<\/div><\/div>\n\n\n\n<div class=\"wp-block-media-text is-stacked-on-mobile\" style=\"grid-template-columns:30% auto\"><figure class=\"wp-block-media-text__media\"><img loading=\"lazy\" decoding=\"async\" width=\"214\" height=\"296\" src=\"https:\/\/parafie.archidiecezja.lodz.pl\/swietyalbert\/wp-content\/uploads\/2023\/11\/4dabfb04e24c8_k225255B125255D1.jpg\" alt=\"\" class=\"wp-image-1008 size-full\"\/><\/figure><div class=\"wp-block-media-text__content\">\n<p>ks. Piotr Turek<br>(pomoc duszpasterska: 2004\u20132005)<\/p>\n<\/div><\/div>\n\n\n\n<div class=\"wp-block-media-text is-stacked-on-mobile\" style=\"grid-template-columns:30% auto\"><figure class=\"wp-block-media-text__media\"><img loading=\"lazy\" decoding=\"async\" width=\"337\" height=\"473\" src=\"https:\/\/parafie.archidiecezja.lodz.pl\/swietyalbert\/wp-content\/uploads\/2023\/11\/balcerak1.jpg\" alt=\"\" class=\"wp-image-1009 size-full\" srcset=\"https:\/\/parafie.archidiecezja.lodz.pl\/swietyalbert\/wp-content\/uploads\/2023\/11\/balcerak1.jpg 337w, https:\/\/parafie.archidiecezja.lodz.pl\/swietyalbert\/wp-content\/uploads\/2023\/11\/balcerak1-214x300.jpg 214w\" sizes=\"auto, (max-width: 337px) 100vw, 337px\" \/><\/figure><div class=\"wp-block-media-text__content\">\n<p>ks. Marek Balcerak <br>(27.08.2005-30.11.2008)<\/p>\n<\/div><\/div>\n\n\n\n<div class=\"wp-block-media-text is-stacked-on-mobile\" style=\"grid-template-columns:30% auto\"><figure class=\"wp-block-media-text__media\"><img loading=\"lazy\" decoding=\"async\" width=\"608\" height=\"911\" src=\"https:\/\/parafie.archidiecezja.lodz.pl\/swietyalbert\/wp-content\/uploads\/2023\/11\/IMG_1606.jpg\" alt=\"\" class=\"wp-image-1010 size-full\" srcset=\"https:\/\/parafie.archidiecezja.lodz.pl\/swietyalbert\/wp-content\/uploads\/2023\/11\/IMG_1606.jpg 608w, https:\/\/parafie.archidiecezja.lodz.pl\/swietyalbert\/wp-content\/uploads\/2023\/11\/IMG_1606-200x300.jpg 200w\" sizes=\"auto, (max-width: 608px) 100vw, 608px\" \/><\/figure><div class=\"wp-block-media-text__content\">\n<p>ks. Marcin Majsik <br>(30.11.2008-28.08.2012) <\/p>\n<\/div><\/div>\n\n\n\n<div class=\"wp-block-media-text is-stacked-on-mobile\" style=\"grid-template-columns:30% auto\"><figure class=\"wp-block-media-text__media\"><img loading=\"lazy\" decoding=\"async\" width=\"683\" height=\"911\" src=\"https:\/\/parafie.archidiecezja.lodz.pl\/swietyalbert\/wp-content\/uploads\/2023\/11\/wikary.jpg\" alt=\"\" class=\"wp-image-1011 size-full\" srcset=\"https:\/\/parafie.archidiecezja.lodz.pl\/swietyalbert\/wp-content\/uploads\/2023\/11\/wikary.jpg 683w, https:\/\/parafie.archidiecezja.lodz.pl\/swietyalbert\/wp-content\/uploads\/2023\/11\/wikary-225x300.jpg 225w\" sizes=\"auto, (max-width: 683px) 100vw, 683px\" \/><\/figure><div class=\"wp-block-media-text__content\">\n<p>ks. Wojciech Mikulski <br>(28.08.2012-28.06.2013)<\/p>\n<\/div><\/div>\n\n\n\n<div class=\"wp-block-media-text is-stacked-on-mobile\" style=\"grid-template-columns:30% auto\"><figure class=\"wp-block-media-text__media\"><img loading=\"lazy\" decoding=\"async\" width=\"250\" height=\"281\" src=\"https:\/\/parafie.archidiecezja.lodz.pl\/swietyalbert\/wp-content\/uploads\/2023\/11\/stepien1.jpg\" alt=\"\" class=\"wp-image-1012 size-full\"\/><\/figure><div class=\"wp-block-media-text__content\">\n<p>ks. Piotr St\u0119pie\u0144 <br>(28.08.2013-28.08.2015) <\/p>\n<\/div><\/div>\n\n\n\n<div class=\"wp-block-media-text is-stacked-on-mobile\" style=\"grid-template-columns:30% auto\"><figure class=\"wp-block-media-text__media\"><img loading=\"lazy\" decoding=\"async\" width=\"342\" height=\"476\" src=\"https:\/\/parafie.archidiecezja.lodz.pl\/swietyalbert\/wp-content\/uploads\/2023\/11\/Zawislak.jpg\" alt=\"\" class=\"wp-image-1019 size-full\" srcset=\"https:\/\/parafie.archidiecezja.lodz.pl\/swietyalbert\/wp-content\/uploads\/2023\/11\/Zawislak.jpg 342w, https:\/\/parafie.archidiecezja.lodz.pl\/swietyalbert\/wp-content\/uploads\/2023\/11\/Zawislak-216x300.jpg 216w\" sizes=\"auto, (max-width: 342px) 100vw, 342px\" \/><\/figure><div class=\"wp-block-media-text__content\">\n<p> \u2020 ks. Tadeusz Zawi\u015blak <br>(30.08.1996-28.08.2015)<\/p>\n<\/div><\/div>\n\n\n\n<div class=\"wp-block-media-text is-stacked-on-mobile\"><figure class=\"wp-block-media-text__media\"><\/figure><div class=\"wp-block-media-text__content\">\n<p>ks. Eugeniusz Szewc<br>(pomoc duszpasterska)<\/p>\n<\/div><\/div>\n\n\n\n<div class=\"wp-block-media-text is-stacked-on-mobile\" style=\"grid-template-columns:30% auto\"><figure class=\"wp-block-media-text__media\"><img loading=\"lazy\" decoding=\"async\" width=\"361\" height=\"334\" src=\"https:\/\/parafie.archidiecezja.lodz.pl\/swietyalbert\/wp-content\/uploads\/2023\/11\/xpszewczyk.jpg\" alt=\"\" class=\"wp-image-1014 size-full\" srcset=\"https:\/\/parafie.archidiecezja.lodz.pl\/swietyalbert\/wp-content\/uploads\/2023\/11\/xpszewczyk.jpg 361w, https:\/\/parafie.archidiecezja.lodz.pl\/swietyalbert\/wp-content\/uploads\/2023\/11\/xpszewczyk-300x278.jpg 300w\" sizes=\"auto, (max-width: 361px) 100vw, 361px\" \/><\/figure><div class=\"wp-block-media-text__content\">\n<p> ks. Przemys\u0142aw Szewczyk <br>(2015-20.06.2019)<\/p>\n<\/div><\/div>\n\n\n\n<div class=\"wp-block-media-text is-stacked-on-mobile\" style=\"grid-template-columns:30% auto\"><figure class=\"wp-block-media-text__media\"><img loading=\"lazy\" decoding=\"async\" width=\"286\" height=\"378\" src=\"https:\/\/parafie.archidiecezja.lodz.pl\/swietyalbert\/wp-content\/uploads\/2023\/11\/xstasiak.jpg\" alt=\"\" class=\"wp-image-1018 size-full\" srcset=\"https:\/\/parafie.archidiecezja.lodz.pl\/swietyalbert\/wp-content\/uploads\/2023\/11\/xstasiak.jpg 286w, https:\/\/parafie.archidiecezja.lodz.pl\/swietyalbert\/wp-content\/uploads\/2023\/11\/xstasiak-227x300.jpg 227w\" sizes=\"auto, (max-width: 286px) 100vw, 286px\" \/><\/figure><div class=\"wp-block-media-text__content\">\n<p>ks. Marek Sasiak <br>(28.08.2015-7.09.2019)<\/p>\n<\/div><\/div>\n\n\n\n<div class=\"wp-block-media-text is-stacked-on-mobile\" style=\"grid-template-columns:30% auto\"><figure class=\"wp-block-media-text__media\"><img loading=\"lazy\" decoding=\"async\" width=\"433\" height=\"572\" src=\"https:\/\/parafie.archidiecezja.lodz.pl\/swietyalbert\/wp-content\/uploads\/2023\/11\/ks-jerzy-majda.jpg\" alt=\"\" class=\"wp-image-1017 size-full\" srcset=\"https:\/\/parafie.archidiecezja.lodz.pl\/swietyalbert\/wp-content\/uploads\/2023\/11\/ks-jerzy-majda.jpg 433w, https:\/\/parafie.archidiecezja.lodz.pl\/swietyalbert\/wp-content\/uploads\/2023\/11\/ks-jerzy-majda-227x300.jpg 227w\" sizes=\"auto, (max-width: 433px) 100vw, 433px\" \/><\/figure><div class=\"wp-block-media-text__content\">\n<p>\u2020 ks. Jerzy Majda<br>(28.08.2004-23.08.2020)<\/p>\n<\/div><\/div>\n\n\n\n<div class=\"wp-block-media-text is-stacked-on-mobile\" style=\"grid-template-columns:30% auto\"><figure class=\"wp-block-media-text__media\"><img loading=\"lazy\" decoding=\"async\" width=\"683\" height=\"1024\" src=\"https:\/\/parafie.archidiecezja.lodz.pl\/swietyalbert\/wp-content\/uploads\/2023\/11\/IMG_5594-683x1024.jpg\" alt=\"\" class=\"wp-image-1015 size-full\" srcset=\"https:\/\/parafie.archidiecezja.lodz.pl\/swietyalbert\/wp-content\/uploads\/2023\/11\/IMG_5594-683x1024.jpg 683w, https:\/\/parafie.archidiecezja.lodz.pl\/swietyalbert\/wp-content\/uploads\/2023\/11\/IMG_5594-200x300.jpg 200w, https:\/\/parafie.archidiecezja.lodz.pl\/swietyalbert\/wp-content\/uploads\/2023\/11\/IMG_5594-768x1152.jpg 768w, https:\/\/parafie.archidiecezja.lodz.pl\/swietyalbert\/wp-content\/uploads\/2023\/11\/IMG_5594-1024x1536.jpg 1024w, https:\/\/parafie.archidiecezja.lodz.pl\/swietyalbert\/wp-content\/uploads\/2023\/11\/IMG_5594.jpg 1247w\" sizes=\"auto, (max-width: 683px) 100vw, 683px\" \/><\/figure><div class=\"wp-block-media-text__content\">\n<p> ks. Andrzej Wro\u0144ski <br>(2019-1.08.2021)<\/p>\n<\/div><\/div>\n\n\n\n<div class=\"wp-block-media-text is-stacked-on-mobile\" style=\"grid-template-columns:30% auto\"><figure class=\"wp-block-media-text__media\"><img loading=\"lazy\" decoding=\"async\" width=\"430\" height=\"570\" src=\"https:\/\/parafie.archidiecezja.lodz.pl\/swietyalbert\/wp-content\/uploads\/2023\/11\/ks-grzegorz-swierkosz.jpg\" alt=\"\" class=\"wp-image-1016 size-full\" srcset=\"https:\/\/parafie.archidiecezja.lodz.pl\/swietyalbert\/wp-content\/uploads\/2023\/11\/ks-grzegorz-swierkosz.jpg 430w, https:\/\/parafie.archidiecezja.lodz.pl\/swietyalbert\/wp-content\/uploads\/2023\/11\/ks-grzegorz-swierkosz-226x300.jpg 226w\" sizes=\"auto, (max-width: 430px) 100vw, 430px\" \/><\/figure><div class=\"wp-block-media-text__content\">\n<p>ks. Grzegorz \u015awierkosz <br>(1.08.2021-27.08.2022)<\/p>\n<\/div><\/div>\n\n\n\n<div class=\"wp-block-media-text is-stacked-on-mobile\" style=\"grid-template-columns:30% auto\"><figure class=\"wp-block-media-text__media\"><img loading=\"lazy\" decoding=\"async\" width=\"713\" height=\"959\" src=\"https:\/\/parafie.archidiecezja.lodz.pl\/swietyalbert\/wp-content\/uploads\/2023\/09\/ks-piotr-mazij.jpg\" alt=\"\" class=\"wp-image-503 size-full\" srcset=\"https:\/\/parafie.archidiecezja.lodz.pl\/swietyalbert\/wp-content\/uploads\/2023\/09\/ks-piotr-mazij.jpg 713w, https:\/\/parafie.archidiecezja.lodz.pl\/swietyalbert\/wp-content\/uploads\/2023\/09\/ks-piotr-mazij-223x300.jpg 223w\" sizes=\"auto, (max-width: 713px) 100vw, 713px\" \/><\/figure><div class=\"wp-block-media-text__content\">\n<p class=\"has-text-align-left has-regular-font-size\">Ks. Piotr Mazij <br>(24.08.2020 r. &#8211; 30.08.2025 r.)<\/p>\n<\/div><\/div>\n\n\n\n<div class=\"wp-block-media-text is-stacked-on-mobile\" style=\"grid-template-columns:30% auto\"><figure class=\"wp-block-media-text__media\"><img loading=\"lazy\" decoding=\"async\" width=\"1024\" height=\"576\" src=\"https:\/\/parafie.archidiecezja.lodz.pl\/swietyalbert\/wp-content\/uploads\/2023\/09\/ks-adam-gralek-1024x576.jpg\" alt=\"\" class=\"wp-image-504 size-full\" srcset=\"https:\/\/parafie.archidiecezja.lodz.pl\/swietyalbert\/wp-content\/uploads\/2023\/09\/ks-adam-gralek-1024x576.jpg 1024w, https:\/\/parafie.archidiecezja.lodz.pl\/swietyalbert\/wp-content\/uploads\/2023\/09\/ks-adam-gralek-300x169.jpg 300w, https:\/\/parafie.archidiecezja.lodz.pl\/swietyalbert\/wp-content\/uploads\/2023\/09\/ks-adam-gralek-768x432.jpg 768w, https:\/\/parafie.archidiecezja.lodz.pl\/swietyalbert\/wp-content\/uploads\/2023\/09\/ks-adam-gralek.jpg 1280w\" sizes=\"auto, (max-width: 1024px) 100vw, 1024px\" \/><\/figure><div class=\"wp-block-media-text__content\">\n<p>Ks. Adam Gra\u0142ek <br>(27.08.2022 r. &#8211; 30.08.2025 r.)<\/p>\n<\/div><\/div>\n\n\n\n<p><\/p>\n\n\n\n<p><\/p>\n\n\n\n<hr class=\"wp-block-separator has-alpha-channel-opacity\"\/>\n\n\n\n<h2 class=\"wp-block-heading\"><strong>Praktykanci<\/strong><\/h2>\n\n\n\n<ul class=\"wp-block-list\">\n<li>Ks. Pawe\u0142 Mizio\u0142ek<\/li>\n\n\n\n<li>Ks. Jaros\u0142aw Fija\u0142kowski<\/li>\n\n\n\n<li>Ks. Andrzej Partyka<\/li>\n\n\n\n<li>Ks. Gabriel Ko\u0142odziej<\/li>\n\n\n\n<li>Ks. Adam Gra\u0142ek<\/li>\n\n\n\n<li>Ks. Andrzej Milczarek<\/li>\n\n\n\n<li>Ks. Dariusz R\u0119becki<\/li>\n\n\n\n<li>Ks. Marcin Ko\u0142acz<\/li>\n\n\n\n<li>Ks. Sebastian Rogut<\/li>\n\n\n\n<li>Ks. Piotr St\u0119pie\u0144<\/li>\n\n\n\n<li>Ks. \u0141ukasz Tarnawski<\/li>\n\n\n\n<li>Ks. Dariusz Wyroda<\/li>\n\n\n\n<li>Ks. Tomasz Liszewski<\/li>\n\n\n\n<li>Ks. Marcin Kacprzak<\/li>\n\n\n\n<li>Ks. Stanis\u0142aw Kotowski<\/li>\n\n\n\n<li>Ks. Arkadiusz Krasicki CSSp<\/li>\n\n\n\n<li>Ks. Andrzej Kluska<\/li>\n\n\n\n<li>Ks. Micha\u0142 Czarnecki<\/li>\n\n\n\n<li>Ks. Micha\u0142 Dolaci\u0144ski<\/li>\n\n\n\n<li>Ks. Piotr Mazij<\/li>\n\n\n\n<li>Ks. Mariusz Pielu\u017cek<\/li>\n\n\n\n<li>S\u0142awomir Juszczak z seminarium Redemptoris Mater<\/li>\n\n\n\n<li>Dimitrij Moiseew z seminarium 35+ dla starszych kandydat\u00f3w do \u015bwi\u0119ce\u0144<\/li>\n<\/ul>\n\n\n\n<hr class=\"wp-block-separator has-alpha-channel-opacity\"\/>\n\n\n\n<h2 class=\"wp-block-heading\"><strong>Powo\u0142ania z parafii:<\/strong><\/h2>\n\n\n\n<ul class=\"wp-block-list\">\n<li>ks. Piotr Ka\u0142uszka, wy\u015bw. 2020<\/li>\n\n\n\n<li>ks. Jakub R\u00f3g, wy\u015bw. 2014<\/li>\n\n\n\n<li>ks. Piotr Urbaniak, wy\u015bw. 2001<\/li>\n\n\n\n<li>s. Daria Dobrowolska, 2005, serafitka<\/li>\n\n\n\n<li>Dominika Pogoda, 2013, wsp\u00f3lnota Chemin Neuf<\/li>\n<\/ul>\n","protected":false},"excerpt":{"rendered":"<p>Ksi\u0119\u017ca obecnie pos\u0142uguj\u0105cy: Ksi\u0105dz Proboszcz Ks. Kanonik dr Przemys\u0142aw G\u00f3raNumer telefonu: 502 281 119 Ksi\u0105dz Wikariusz ks. Kamil Rusak(pos\u0142uga od 31.08.2025 r.) Ksi\u0105dz Rezydent &#8211;&#8230;<\/p>\n<div class=\"more-link-wrapper\"><a class=\"more-link\" href=\"https:\/\/parafie.archidiecezja.lodz.pl\/swietyalbert\/duchowienstwo\/\">Rozwi\u0144 ca\u0142\u0105 tre\u015b\u0107<span class=\"screen-reader-text\">Duchowie\u0144stwo<\/span><\/a><\/div>\n","protected":false},"author":1,"featured_media":0,"parent":0,"menu_order":2,"comment_status":"closed","ping_status":"closed","template":"","meta":{"footnotes":""},"class_list":["post-60","page","type-page","status-publish","hentry","entry"],"_links":{"self":[{"href":"https:\/\/parafie.archidiecezja.lodz.pl\/swietyalbert\/wp-json\/wp\/v2\/pages\/60","targetHints":{"allow":["GET"]}}],"collection":[{"href":"https:\/\/parafie.archidiecezja.lodz.pl\/swietyalbert\/wp-json\/wp\/v2\/pages"}],"about":[{"href":"https:\/\/parafie.archidiecezja.lodz.pl\/swietyalbert\/wp-json\/wp\/v2\/types\/page"}],"author":[{"embeddable":true,"href":"https:\/\/parafie.archidiecezja.lodz.pl\/swietyalbert\/wp-json\/wp\/v2\/users\/1"}],"replies":[{"embeddable":true,"href":"https:\/\/parafie.archidiecezja.lodz.pl\/swietyalbert\/wp-json\/wp\/v2\/comments?post=60"}],"version-history":[{"count":7,"href":"https:\/\/parafie.archidiecezja.lodz.pl\/swietyalbert\/wp-json\/wp\/v2\/pages\/60\/revisions"}],"predecessor-version":[{"id":3161,"href":"https:\/\/parafie.archidiecezja.lodz.pl\/swietyalbert\/wp-json\/wp\/v2\/pages\/60\/revisions\/3161"}],"wp:attachment":[{"href":"https:\/\/parafie.archidiecezja.lodz.pl\/swietyalbert\/wp-json\/wp\/v2\/media?parent=60"}],"curies":[{"name":"wp","href":"https:\/\/api.w.org\/{rel}","templated":true}]}}